{"id":6335,"date":"2026-03-08T02:08:39","date_gmt":"2026-03-08T02:08:39","guid":{"rendered":"https:\/\/dejameleerenpaz.com\/?page_id=6335"},"modified":"2026-03-08T03:46:54","modified_gmt":"2026-03-08T03:46:54","slug":"podcast","status":"publish","type":"page","link":"https:\/\/dejameleerenpaz.com\/index.php\/podcast\/","title":{"rendered":"PODCAST"},"content":{"rendered":"\n<h2 class=\"wp-block-heading\">\ud83c\udf99\ufe0f <strong>Primera temporada disponible<\/strong><\/h2>\n\n\n\n<p>Ya puedes escuchar los episodios de la <strong>primera temporada de <em>R\u00edo de Palabras<\/em><\/strong>, el podcast oficial de <strong>FELIBAR \u2013 Feria del Libro de Barrancabermeja<\/strong>. Un espacio de di\u00e1logo donde escritores, periodistas, artistas y pensadores conversan sobre literatura, cultura, territorio y sociedad desde el Magdalena Medio.<\/p>\n\n\n\n<p>\ud83c\udfa7 Encuentra todos los episodios en YouTube y Spotify.<\/p>\n\n\n\n<p>\ud83d\udcda <em>R\u00edo de Palabras<\/em>: donde la palabra fluye como un territorio vivo.<\/p>\n\n\n\n<figure class=\"wp-block-embed aligncenter is-type-video is-provider-youtube wp-block-embed-youtube wp-embed-aspect-16-9 wp-has-aspect-ratio\"><div class=\"wp-block-embed__wrapper\">\n<iframe title=\"R\u00edo de Palabras (T1E2),  Ana Luc\u00eda Barros en di\u00e1logo con Lina Uribe\" width=\"500\" height=\"281\" src=\"https:\/\/www.youtube.com\/embed\/L1JUp4q4P_0?feature=oembed\" frameborder=\"0\" allow=\"accelerometer; autoplay; clipboard-write; encrypted-media; gyroscope; picture-in-picture; web-share\" referrerpolicy=\"strict-origin-when-cross-origin\" allowfullscreen><\/iframe>\n<\/div><figcaption class=\"wp-element-caption\">R\u00edo de Palabras (T1E1), Ana Luc\u00eda Barros en di\u00e1logo con Lina Uribe<\/figcaption><\/figure>\n\n\n\n<figure class=\"wp-block-embed is-type-video is-provider-youtube wp-block-embed-youtube wp-embed-aspect-16-9 wp-has-aspect-ratio\"><div class=\"wp-block-embed__wrapper\">\n<iframe title=\"R\u00edo de Palabras (T1E2), Sandra Restrepo en di\u00e1logo con Eder Villa\" width=\"500\" height=\"281\" src=\"https:\/\/www.youtube.com\/embed\/MR2Co_vXckc?feature=oembed\" frameborder=\"0\" allow=\"accelerometer; autoplay; clipboard-write; encrypted-media; gyroscope; picture-in-picture; web-share\" referrerpolicy=\"strict-origin-when-cross-origin\" allowfullscreen><\/iframe>\n<\/div><figcaption class=\"wp-element-caption\">R\u00edo de Palabras (T1E2), Sandra Restrepo en di\u00e1logo con Eder Villa<\/figcaption><\/figure>\n\n\n\n<figure class=\"wp-block-embed aligncenter is-type-video is-provider-youtube wp-block-embed-youtube wp-embed-aspect-16-9 wp-has-aspect-ratio\"><div class=\"wp-block-embed__wrapper\">\n<iframe title=\"R\u00edo de Palabras (T1E3), Elber Guti\u00e9rrez en di\u00e1logo con Olga Celis\" width=\"500\" height=\"281\" src=\"https:\/\/www.youtube.com\/embed\/OWgEB2IAv9k?feature=oembed\" frameborder=\"0\" allow=\"accelerometer; autoplay; clipboard-write; encrypted-media; gyroscope; picture-in-picture; web-share\" referrerpolicy=\"strict-origin-when-cross-origin\" allowfullscreen><\/iframe>\n<\/div><figcaption class=\"wp-element-caption\">R\u00edo de Palabras (T1E3), Elber Guti\u00e9rrez en di\u00e1logo con Olga Celis<\/figcaption><\/figure>\n\n\n\n<p><\/p>\n","protected":false},"excerpt":{"rendered":"<div class=\"mh-excerpt\"><p>\ud83c\udf99\ufe0f Primera temporada disponible Ya puedes escuchar los episodios de <a class=\"mh-excerpt-more\" href=\"https:\/\/dejameleerenpaz.com\/index.php\/podcast\/\" title=\"PODCAST\">[&#8230;]<\/a><\/p>\n<\/div>","protected":false},"author":1,"featured_media":0,"parent":0,"menu_order":0,"comment_status":"closed","ping_status":"closed","template":"","meta":{"footnotes":""},"class_list":["post-6335","page","type-page","status-publish","hentry"],"_links":{"self":[{"href":"https:\/\/dejameleerenpaz.com\/index.php\/wp-json\/wp\/v2\/pages\/6335","targetHints":{"allow":["GET"]}}],"collection":[{"href":"https:\/\/dejameleerenpaz.com\/index.php\/wp-json\/wp\/v2\/pages"}],"about":[{"href":"https:\/\/dejameleerenpaz.com\/index.php\/wp-json\/wp\/v2\/types\/page"}],"author":[{"embeddable":true,"href":"https:\/\/dejameleerenpaz.com\/index.php\/wp-json\/wp\/v2\/users\/1"}],"replies":[{"embeddable":true,"href":"https:\/\/dejameleerenpaz.com\/index.php\/wp-json\/wp\/v2\/comments?post=6335"}],"version-history":[{"count":6,"href":"https:\/\/dejameleerenpaz.com\/index.php\/wp-json\/wp\/v2\/pages\/6335\/revisions"}],"predecessor-version":[{"id":6369,"href":"https:\/\/dejameleerenpaz.com\/index.php\/wp-json\/wp\/v2\/pages\/6335\/revisions\/6369"}],"wp:attachment":[{"href":"https:\/\/dejameleerenpaz.com\/index.php\/wp-json\/wp\/v2\/media?parent=6335"}],"curies":[{"name":"wp","href":"https:\/\/api.w.org\/{rel}","templated":true}]}}