{"id":6070,"date":"2025-08-31T14:18:11","date_gmt":"2025-08-31T14:18:11","guid":{"rendered":"https:\/\/dejameleerenpaz.com\/?page_id=6070"},"modified":"2025-08-31T14:38:23","modified_gmt":"2025-08-31T14:38:23","slug":"enlaces-de-talleres-2025","status":"publish","type":"page","link":"https:\/\/dejameleerenpaz.com\/index.php\/enlaces-de-talleres-2025\/","title":{"rendered":"ENLACES DE TALLERES 2025"},"content":{"rendered":"\n<div class=\"wp-block-group is-vertical is-layout-flex wp-container-core-group-is-layout-8cf370e7 wp-block-group-is-layout-flex\">\n<p class=\"has-text-align-left\">Bienvenidos a los Talleres Virtuales de Microcuentos en el marco de la 2.\u00aa edici\u00f3n de <em>Dilo Corto<\/em>. Estos espacios de formaci\u00f3n est\u00e1n dirigidos a ni\u00f1os, adolescentes y adultos que deseen fortalecer su creatividad, descubrir las claves de la escritura breve y adquirir herramientas pr\u00e1cticas para participar en el concurso. <\/p>\n\n\n\n<p class=\"has-text-align-left\">A trav\u00e9s de din\u00e1micas orientadas por facilitadores expertos, los asistentes aprender\u00e1n a transformar sus ideas en relatos breves con sentido, imaginaci\u00f3n y estilo propio. El objetivo de estos talleres es brindar un acompa\u00f1amiento cercano que motive la lectura, la escritura y la capacidad de narrar en pocas palabras, reconociendo la importancia de la voz de cada participante en la construcci\u00f3n de historias que reflejen nuestra identidad, cultura y diversidad.<\/p>\n<\/div>\n\n\n\n<figure class=\"wp-block-table aligncenter is-style-stripes has-small-font-size\" style=\"font-style:italic;font-weight:500\"><table class=\"has-black-color has-text-color has-link-color has-fixed-layout\"><tbody><tr><td class=\"has-text-align-center\" data-align=\"center\"><strong><em>CATEGORIA<\/em><\/strong><\/td><td class=\"has-text-align-center\" data-align=\"center\"><strong><em>FECHA<\/em><\/strong><\/td><td class=\"has-text-align-center\" data-align=\"center\"><em><strong>HO<\/strong><\/em><strong><em>RA<\/em><\/strong><\/td><td class=\"has-text-align-center\" data-align=\"center\"><strong><em>ENLACE<\/em><\/strong><\/td><\/tr><tr><td class=\"has-text-align-center\" data-align=\"center\">ADOLESCENTES<\/td><td class=\"has-text-align-center\" data-align=\"center\">3 SEPTIEMBRE<\/td><td class=\"has-text-align-center\" data-align=\"center\">\ud83d\udd54 5:00 p.m. a 8:00 p.m.<\/td><td class=\"has-text-align-center\" data-align=\"center\"><a href=\"https:\/\/meet.google.com\/qke-adpx-bkx\">https:\/\/meet.google.com\/qke-adpx-bkx <\/a><\/td><\/tr><tr><td class=\"has-text-align-center\" data-align=\"center\">ADULTOS<\/td><td class=\"has-text-align-center\" data-align=\"center\">4 SEPTIEMBRE<\/td><td class=\"has-text-align-center\" data-align=\"center\">\ud83d\udd54 5:00 p.m. a 8:00 p.m.<\/td><td class=\"has-text-align-center\" data-align=\"center\"><a href=\"https:\/\/meet.google.com\/qjk-joup-wzf\">https:\/\/meet.google.com\/qjk-joup-wzf <\/a><\/td><\/tr><tr><td class=\"has-text-align-center\" data-align=\"center\">NI\u00d1OS<\/td><td class=\"has-text-align-center\" data-align=\"center\">5 SEPTIEMBRE<\/td><td class=\"has-text-align-center\" data-align=\"center\">\ud83d\udd5e 3:30 p.m. a 6:30 p.m.<\/td><td class=\"has-text-align-center\" data-align=\"center\"><a href=\"https:\/\/meet.google.com\/pkc-nzgn-ekc\">https:\/\/meet.google.com\/pkc-nzgn-ekc <\/a><\/td><\/tr><\/tbody><\/table><\/figure>\n\n\n\n<p>\u26a0\ufe0f <strong>Nota importante:<\/strong> En caso de que la sala de Google Meet alcance su l\u00edmite de capacidad, los talleres se transmitir\u00e1n en vivo por el canal oficial de YouTube de la Fundaci\u00f3n Feria del Libro <em>D\u00e9jame Leer en Paz<\/em>. De esta manera, todos podr\u00e1n acceder y disfrutar del espacio sin perderse la experiencia.<\/p>\n","protected":false},"excerpt":{"rendered":"<div class=\"mh-excerpt\"><p>Bienvenidos a los Talleres Virtuales de Microcuentos en el marco <a class=\"mh-excerpt-more\" href=\"https:\/\/dejameleerenpaz.com\/index.php\/enlaces-de-talleres-2025\/\" title=\"ENLACES DE TALLERES 2025\">[&#8230;]<\/a><\/p>\n<\/div>","protected":false},"author":1,"featured_media":0,"parent":0,"menu_order":0,"comment_status":"closed","ping_status":"closed","template":"","meta":{"footnotes":""},"class_list":["post-6070","page","type-page","status-publish","hentry"],"_links":{"self":[{"href":"https:\/\/dejameleerenpaz.com\/index.php\/wp-json\/wp\/v2\/pages\/6070","targetHints":{"allow":["GET"]}}],"collection":[{"href":"https:\/\/dejameleerenpaz.com\/index.php\/wp-json\/wp\/v2\/pages"}],"about":[{"href":"https:\/\/dejameleerenpaz.com\/index.php\/wp-json\/wp\/v2\/types\/page"}],"author":[{"embeddable":true,"href":"https:\/\/dejameleerenpaz.com\/index.php\/wp-json\/wp\/v2\/users\/1"}],"replies":[{"embeddable":true,"href":"https:\/\/dejameleerenpaz.com\/index.php\/wp-json\/wp\/v2\/comments?post=6070"}],"version-history":[{"count":14,"href":"https:\/\/dejameleerenpaz.com\/index.php\/wp-json\/wp\/v2\/pages\/6070\/revisions"}],"predecessor-version":[{"id":6091,"href":"https:\/\/dejameleerenpaz.com\/index.php\/wp-json\/wp\/v2\/pages\/6070\/revisions\/6091"}],"wp:attachment":[{"href":"https:\/\/dejameleerenpaz.com\/index.php\/wp-json\/wp\/v2\/media?parent=6070"}],"curies":[{"name":"wp","href":"https:\/\/api.w.org\/{rel}","templated":true}]}}