{"id":5749,"date":"2025-07-28T04:12:46","date_gmt":"2025-07-28T04:12:46","guid":{"rendered":"https:\/\/dejameleerenpaz.com\/?page_id=5749"},"modified":"2025-08-31T14:50:19","modified_gmt":"2025-08-31T14:50:19","slug":"videos-2025","status":"publish","type":"page","link":"https:\/\/dejameleerenpaz.com\/index.php\/videos-2025\/","title":{"rendered":"VIDEOS 2025"},"content":{"rendered":"\n<figure class=\"wp-block-embed aligncenter is-type-video is-provider-youtube wp-block-embed-youtube wp-embed-aspect-16-9 wp-has-aspect-ratio\"><div class=\"wp-block-embed__wrapper\">\n<iframe title=\"\ud83d\udcda\u2728 Revive en minutos la magia de la 2\u00aa semana de la Feria del Libro D\u00e9jame Leer en Paz 2025.\" width=\"500\" height=\"281\" src=\"https:\/\/www.youtube.com\/embed\/XBJFjN8RJZk?feature=oembed\" frameborder=\"0\" allow=\"accelerometer; autoplay; clipboard-write; encrypted-media; gyroscope; picture-in-picture; web-share\" referrerpolicy=\"strict-origin-when-cross-origin\" allowfullscreen><\/iframe>\n<\/div><\/figure>\n\n\n\n<figure class=\"wp-block-embed aligncenter is-type-video is-provider-youtube wp-block-embed-youtube wp-embed-aspect-16-9 wp-has-aspect-ratio\"><div class=\"wp-block-embed__wrapper\">\n<iframe title=\"\u00a1La primera semana de la Feria del Libro fue un R\u00cdO DE PALABRAS: ECOS DE PAZ!\" width=\"500\" height=\"281\" src=\"https:\/\/www.youtube.com\/embed\/FXGo4gohR-M?feature=oembed\" frameborder=\"0\" allow=\"accelerometer; autoplay; clipboard-write; encrypted-media; gyroscope; picture-in-picture; web-share\" referrerpolicy=\"strict-origin-when-cross-origin\" allowfullscreen><\/iframe>\n<\/div><\/figure>\n\n\n\n<figure class=\"wp-block-embed aligncenter is-type-video is-provider-youtube wp-block-embed-youtube wp-embed-aspect-16-9 wp-has-aspect-ratio\"><div class=\"wp-block-embed__wrapper\">\n<iframe title=\"\ud83d\udea4 La Caravana Literaria naveg\u00f3 con libros y alegr\u00eda hasta Ci\u00e9naga del Op\u00f3n. \u00a1Pura magia! \ud83d\udcda\u2728\" width=\"500\" height=\"281\" src=\"https:\/\/www.youtube.com\/embed\/4SMAML-KfNI?feature=oembed\" frameborder=\"0\" allow=\"accelerometer; autoplay; clipboard-write; encrypted-media; gyroscope; picture-in-picture; web-share\" referrerpolicy=\"strict-origin-when-cross-origin\" allowfullscreen><\/iframe>\n<\/div><\/figure>\n\n\n\n<figure class=\"wp-block-embed aligncenter is-type-video is-provider-youtube wp-block-embed-youtube wp-embed-aspect-16-9 wp-has-aspect-ratio\"><div class=\"wp-block-embed__wrapper\">\n<iframe title=\"CONCIERTO TAPI TAPI  ICBF hace presencia en la 6ta Edici\u00f3n de la Feria del libro D\u00e9jame leer en paz\" width=\"422\" height=\"750\" src=\"https:\/\/www.youtube.com\/embed\/knkxCzjkZ_o?feature=oembed\" frameborder=\"0\" allow=\"accelerometer; autoplay; clipboard-write; encrypted-media; gyroscope; picture-in-picture; web-share\" referrerpolicy=\"strict-origin-when-cross-origin\" allowfullscreen><\/iframe>\n<\/div><\/figure>\n\n\n\n<figure class=\"wp-block-embed aligncenter is-type-video is-provider-youtube wp-block-embed-youtube wp-embed-aspect-16-9 wp-has-aspect-ratio\"><div class=\"wp-block-embed__wrapper\">\n<iframe title=\"\ud83d\udcda Vive la magia de la lectura, el arte y la paz en cada rinc\u00f3n de la Feria del Libro 2025. \ud83c\udf1f\" width=\"422\" height=\"750\" src=\"https:\/\/www.youtube.com\/embed\/1onxr67tWXk?feature=oembed\" frameborder=\"0\" allow=\"accelerometer; autoplay; clipboard-write; encrypted-media; gyroscope; picture-in-picture; web-share\" referrerpolicy=\"strict-origin-when-cross-origin\" allowfullscreen><\/iframe>\n<\/div><\/figure>\n\n\n\n<figure class=\"wp-block-embed is-type-video is-provider-youtube wp-block-embed-youtube wp-embed-aspect-4-3 wp-has-aspect-ratio\"><div class=\"wp-block-embed__wrapper\">\n<iframe title=\"As\u00ed vivimos la Feria: arte, palabras, infancia y paz en cada rinc\u00f3n #FELIBAR2025\" width=\"422\" height=\"750\" src=\"https:\/\/www.youtube.com\/embed\/7cnlA7PBudU?feature=oembed\" frameborder=\"0\" allow=\"accelerometer; autoplay; clipboard-write; encrypted-media; gyroscope; picture-in-picture; web-share\" referrerpolicy=\"strict-origin-when-cross-origin\" allowfullscreen><\/iframe>\n<\/div><\/figure>\n\n\n\n<figure class=\"wp-block-embed aligncenter is-type-video is-provider-youtube wp-block-embed-youtube wp-embed-aspect-16-9 wp-has-aspect-ratio\"><div class=\"wp-block-embed__wrapper\">\n<iframe title=\"\ud83d\udcf0 Gracias \u00c9lber Guti\u00e9rrez Roa por ser parte de esta feria donde la palabra construye paz. \ud83d\udcda\ud83d\udde3\ufe0f\" width=\"422\" height=\"750\" src=\"https:\/\/www.youtube.com\/embed\/kMuq-jCyjZU?feature=oembed\" frameborder=\"0\" allow=\"accelerometer; autoplay; clipboard-write; encrypted-media; gyroscope; picture-in-picture; web-share\" referrerpolicy=\"strict-origin-when-cross-origin\" allowfullscreen><\/iframe>\n<\/div><\/figure>\n\n\n\n<figure class=\"wp-block-embed aligncenter is-type-video is-provider-youtube wp-block-embed-youtube wp-embed-aspect-16-9 wp-has-aspect-ratio\"><div class=\"wp-block-embed__wrapper\">\n<iframe title=\"\ud83e\udd8e Hoy nos visit\u00f3 Alexcevith Acosta, jefe ambiental de Ecopetrol, en la 6\u00aa edici\u00f3n de la feria \ud83d\udcda\" width=\"422\" height=\"750\" src=\"https:\/\/www.youtube.com\/embed\/YugenceJtnc?feature=oembed\" frameborder=\"0\" allow=\"accelerometer; autoplay; clipboard-write; encrypted-media; gyroscope; picture-in-picture; web-share\" referrerpolicy=\"strict-origin-when-cross-origin\" allowfullscreen><\/iframe>\n<\/div><\/figure>\n\n\n\n<figure class=\"wp-block-embed aligncenter is-type-video is-provider-youtube wp-block-embed-youtube wp-embed-aspect-16-9 wp-has-aspect-ratio\"><div class=\"wp-block-embed__wrapper\">\n<iframe title=\"\ud83d\udcf8 Revive momentos del \u00faltimo d\u00eda en la UIS. A\u00fan faltan fotos por compartir de esta gran feria \ud83d\udcda\" width=\"422\" height=\"750\" src=\"https:\/\/www.youtube.com\/embed\/wulFM_X0MbI?feature=oembed\" frameborder=\"0\" allow=\"accelerometer; autoplay; clipboard-write; encrypted-media; gyroscope; picture-in-picture; web-share\" referrerpolicy=\"strict-origin-when-cross-origin\" allowfullscreen><\/iframe>\n<\/div><\/figure>\n\n\n\n<figure class=\"wp-block-embed aligncenter is-type-video is-provider-youtube wp-block-embed-youtube wp-embed-aspect-16-9 wp-has-aspect-ratio\"><div class=\"wp-block-embed__wrapper\">\n<iframe title=\"Por su paso en la Feria, Melanie L\u00f3pez nos dej\u00f3 palabras llenas de arte, ternura y emoci\u00f3n. \ud83d\udcda\ud83d\udcab\" width=\"422\" height=\"750\" src=\"https:\/\/www.youtube.com\/embed\/Kk2EoNfIaQY?feature=oembed\" frameborder=\"0\" allow=\"accelerometer; autoplay; clipboard-write; encrypted-media; gyroscope; picture-in-picture; web-share\" referrerpolicy=\"strict-origin-when-cross-origin\" allowfullscreen><\/iframe>\n<\/div><\/figure>\n\n\n\n<figure class=\"wp-block-embed aligncenter is-type-video is-provider-youtube wp-block-embed-youtube wp-embed-aspect-16-9 wp-has-aspect-ratio\"><div class=\"wp-block-embed__wrapper\">\n<iframe title=\"\ud83d\udcda Vive la magia de la lectura, el arte y la paz en cada rinc\u00f3n de la Feria del Libro 2025. \ud83c\udf1f\" width=\"422\" height=\"750\" src=\"https:\/\/www.youtube.com\/embed\/TtXfXtFkj3g?feature=oembed\" frameborder=\"0\" allow=\"accelerometer; autoplay; clipboard-write; encrypted-media; gyroscope; picture-in-picture; web-share\" referrerpolicy=\"strict-origin-when-cross-origin\" allowfullscreen><\/iframe>\n<\/div><\/figure>\n\n\n\n<figure class=\"wp-block-embed aligncenter is-type-video is-provider-youtube wp-block-embed-youtube wp-embed-aspect-16-9 wp-has-aspect-ratio\"><div class=\"wp-block-embed__wrapper\">\n<iframe title=\"INAUGURACI\u00d3N 6ta EDICI\u00d3N FERIA DEL LIBRO D\u00c9JAME LEER EN PAZ\" width=\"422\" height=\"750\" src=\"https:\/\/www.youtube.com\/embed\/yaR4qajqbTY?feature=oembed\" frameborder=\"0\" allow=\"accelerometer; autoplay; clipboard-write; encrypted-media; gyroscope; picture-in-picture; web-share\" referrerpolicy=\"strict-origin-when-cross-origin\" allowfullscreen><\/iframe>\n<\/div><\/figure>\n\n\n\n<figure class=\"wp-block-embed aligncenter is-type-video is-provider-youtube wp-block-embed-youtube wp-embed-aspect-16-9 wp-has-aspect-ratio\"><div class=\"wp-block-embed__wrapper\">\n<iframe title=\"\ud83d\udcda Vive la magia de la lectura, el arte y la paz en cada rinc\u00f3n de la Feria del Libro 2025. \ud83c\udf1f\" width=\"422\" height=\"750\" src=\"https:\/\/www.youtube.com\/embed\/1DSgHI9bZC8?feature=oembed\" frameborder=\"0\" allow=\"accelerometer; autoplay; clipboard-write; encrypted-media; gyroscope; picture-in-picture; web-share\" referrerpolicy=\"strict-origin-when-cross-origin\" allowfullscreen><\/iframe>\n<\/div><\/figure>\n\n\n\n<figure class=\"wp-block-embed aligncenter is-type-video is-provider-youtube wp-block-embed-youtube wp-embed-aspect-16-9 wp-has-aspect-ratio\"><div class=\"wp-block-embed__wrapper\">\n<iframe title=\"\ud83d\udcda Vive la magia de la lectura, el arte y la paz en cada rinc\u00f3n de la Feria del Libro 2025. \ud83c\udf1f\" width=\"422\" height=\"750\" src=\"https:\/\/www.youtube.com\/embed\/-xqZtxICw0I?feature=oembed\" frameborder=\"0\" allow=\"accelerometer; autoplay; clipboard-write; encrypted-media; gyroscope; picture-in-picture; web-share\" referrerpolicy=\"strict-origin-when-cross-origin\" allowfullscreen><\/iframe>\n<\/div><\/figure>\n","protected":false},"excerpt":{"rendered":"<div class=\"mh-excerpt\"><\/div>","protected":false},"author":1,"featured_media":0,"parent":0,"menu_order":0,"comment_status":"closed","ping_status":"closed","template":"","meta":{"footnotes":""},"class_list":["post-5749","page","type-page","status-publish","hentry"],"_links":{"self":[{"href":"https:\/\/dejameleerenpaz.com\/index.php\/wp-json\/wp\/v2\/pages\/5749","targetHints":{"allow":["GET"]}}],"collection":[{"href":"https:\/\/dejameleerenpaz.com\/index.php\/wp-json\/wp\/v2\/pages"}],"about":[{"href":"https:\/\/dejameleerenpaz.com\/index.php\/wp-json\/wp\/v2\/types\/page"}],"author":[{"embeddable":true,"href":"https:\/\/dejameleerenpaz.com\/index.php\/wp-json\/wp\/v2\/users\/1"}],"replies":[{"embeddable":true,"href":"https:\/\/dejameleerenpaz.com\/index.php\/wp-json\/wp\/v2\/comments?post=5749"}],"version-history":[{"count":9,"href":"https:\/\/dejameleerenpaz.com\/index.php\/wp-json\/wp\/v2\/pages\/5749\/revisions"}],"predecessor-version":[{"id":6094,"href":"https:\/\/dejameleerenpaz.com\/index.php\/wp-json\/wp\/v2\/pages\/5749\/revisions\/6094"}],"wp:attachment":[{"href":"https:\/\/dejameleerenpaz.com\/index.php\/wp-json\/wp\/v2\/media?parent=5749"}],"curies":[{"name":"wp","href":"https:\/\/api.w.org\/{rel}","templated":true}]}}