{"id":5328,"date":"2025-05-10T21:36:05","date_gmt":"2025-05-10T21:36:05","guid":{"rendered":"https:\/\/dejameleerenpaz.com\/?page_id=5328"},"modified":"2025-05-10T22:01:55","modified_gmt":"2025-05-10T22:01:55","slug":"instituciones-educativas-2025","status":"publish","type":"page","link":"https:\/\/dejameleerenpaz.com\/index.php\/instituciones-educativas-2025\/","title":{"rendered":"INSTITUCIONES EDUCATIVAS 2025"},"content":{"rendered":"\n<p class=\"has-text-align-center has-vivid-red-color has-text-color has-link-color has-large-font-size wp-elements-85093a71e138916b3cf86c9882f7321e\"><strong><em>CONVOCATORIA PARA INSTITUCIONES EDUCATIVAS \u2013 FERIA DEL LIBRO 2025<\/em><\/strong><\/p>\n\n\n\n<p class=\"has-text-align-left has-medium-font-size\">La Fundaci\u00f3n Feria del Libro de Barrancabermeja \u201cD\u00e9jame leer en paz\u201d invita a instituciones educativas p\u00fablicas y privadas (colegios, universidades, centros de formaci\u00f3n, entre otros) a participar en la sexta edici\u00f3n de la Feria del Libro, un evento cultural que promueve la lectura, la escritura y el pensamiento cr\u00edtico como herramientas esenciales para la transformaci\u00f3n social<\/p>\n\n\n\n<p class=\"has-text-align-center has-black-color has-text-color has-link-color has-medium-font-size wp-elements-521b118a536398d4d9cd1c62d4c57f79\">\ud83d\udccd Lugar: Universidad Industrial de Santander (UIS), sede Barrancabermeja<br>\ud83d\udcda Lema de esta edici\u00f3n: \ud83c\udfad\ud83d\udcd6<strong><em>El lector es un actor<\/em><\/strong>\ud83d\udcd6\ud83c\udfad<\/p>\n\n\n\n<p class=\"has-text-align-center has-black-color has-pale-cyan-blue-background-color has-text-color has-background has-link-color has-medium-font-size wp-elements-3bc9294a4b3481d9b416b092240cfc2f\"><strong><em>Dos espacios especialmente dise\u00f1ados para instituciones educativas<\/em><\/strong><\/p>\n\n\n\n<p class=\"has-text-align-center has-black-color has-text-color has-link-color has-medium-font-size wp-elements-9d8ac02537552f45945e150a41f7e648\">\ud83d\udcc5 Del 23 al 25 de julio:<br><strong><em>Festival de Literatura Infantil \u201cR\u00edo de Palabras: ecos de paz\u201d<\/em><\/strong><br>Dirigido a primera infancia, b\u00e1sica primaria y docentes. Ofrece actividades l\u00fadico-literarias, encuentros con autores, talleres y experiencias art\u00edsticas centradas en la paz, los derechos de la infancia y la promoci\u00f3n de la lectura desde los primeros a\u00f1os.<\/p>\n\n\n\n<p class=\"has-text-align-center has-black-color has-text-color has-link-color has-medium-font-size wp-elements-f0d2c06802b344c8242d5312cb393118\">\ud83d\udcc5 Del 29 al 31 de julio:<br><strong><em>Feria \u201cD\u00e9jame Leer en Paz\u201d<\/em><\/strong><br>Dirigida a estudiantes de b\u00e1sica secundaria, media, educaci\u00f3n superior y p\u00fablico general. Contar\u00e1 con charlas, conversatorios, presentaciones de libros, obras teatrales y encuentros con escritores que fomentan el pensamiento cr\u00edtico, la ciudadan\u00eda y la expresi\u00f3n cultural.<\/p>\n\n\n\n<p class=\"has-text-align-left has-black-color has-text-color has-link-color has-medium-font-size wp-elements-95f9bd51172e323daf44dfe0290cd03c\">Las instituciones pueden inscribirse en uno o en ambos espacios, seg\u00fan su inter\u00e9s y p\u00fablico. Actividades gratuitas para todos los p\u00fablicos: Talleres literarios y creativos, encuentros con autores y autoras, conversatorios, ponencias, presentaciones art\u00edsticas y culturales.<\/p>\n\n\n\n<p class=\"has-text-align-center has-black-color has-pale-pink-background-color has-text-color has-background has-link-color has-medium-font-size wp-elements-589e09efb365938cbb44d1edeb27d9ec\"><strong><em>\ud83d\udcdd<a href=\"https:\/\/forms.gle\/TyDq5pFUaBk1o1MJ7\"> Formulario de inscripci\u00f3n<\/a><\/em><\/strong><\/p>\n\n\n\n<p class=\"has-text-align-center has-black-color has-text-color has-link-color has-medium-font-size wp-elements-f65bc133059a034f946e7cc7f276384c\">\ud83d\ude90 <em>Importante:<\/em> Cada instituci\u00f3n es responsable de la log\u00edstica y transporte de sus estudiantes o participantes.<\/p>\n","protected":false},"excerpt":{"rendered":"<div class=\"mh-excerpt\"><p>CONVOCATORIA PARA INSTITUCIONES EDUCATIVAS \u2013 FERIA DEL LIBRO 2025 La <a class=\"mh-excerpt-more\" href=\"https:\/\/dejameleerenpaz.com\/index.php\/instituciones-educativas-2025\/\" title=\"INSTITUCIONES EDUCATIVAS 2025\">[&#8230;]<\/a><\/p>\n<\/div>","protected":false},"author":1,"featured_media":0,"parent":0,"menu_order":0,"comment_status":"closed","ping_status":"closed","template":"","meta":{"footnotes":""},"class_list":["post-5328","page","type-page","status-publish","hentry"],"_links":{"self":[{"href":"https:\/\/dejameleerenpaz.com\/index.php\/wp-json\/wp\/v2\/pages\/5328","targetHints":{"allow":["GET"]}}],"collection":[{"href":"https:\/\/dejameleerenpaz.com\/index.php\/wp-json\/wp\/v2\/pages"}],"about":[{"href":"https:\/\/dejameleerenpaz.com\/index.php\/wp-json\/wp\/v2\/types\/page"}],"author":[{"embeddable":true,"href":"https:\/\/dejameleerenpaz.com\/index.php\/wp-json\/wp\/v2\/users\/1"}],"replies":[{"embeddable":true,"href":"https:\/\/dejameleerenpaz.com\/index.php\/wp-json\/wp\/v2\/comments?post=5328"}],"version-history":[{"count":11,"href":"https:\/\/dejameleerenpaz.com\/index.php\/wp-json\/wp\/v2\/pages\/5328\/revisions"}],"predecessor-version":[{"id":5352,"href":"https:\/\/dejameleerenpaz.com\/index.php\/wp-json\/wp\/v2\/pages\/5328\/revisions\/5352"}],"wp:attachment":[{"href":"https:\/\/dejameleerenpaz.com\/index.php\/wp-json\/wp\/v2\/media?parent=5328"}],"curies":[{"name":"wp","href":"https:\/\/api.w.org\/{rel}","templated":true}]}}