{"id":5270,"date":"2025-05-10T19:31:16","date_gmt":"2025-05-10T19:31:16","guid":{"rendered":"https:\/\/dejameleerenpaz.com\/?page_id=5270"},"modified":"2025-05-10T21:23:16","modified_gmt":"2025-05-10T21:23:16","slug":"autores-independientes-2025","status":"publish","type":"page","link":"https:\/\/dejameleerenpaz.com\/index.php\/autores-independientes-2025\/","title":{"rendered":"AUTORES INDEPENDIENTES 2025"},"content":{"rendered":"\n<blockquote class=\"wp-block-quote is-layout-flow wp-block-quote-is-layout-flow\">\n<p class=\"has-text-align-center has-vivid-red-color has-text-color has-link-color has-large-font-size wp-elements-0021d93da12d1d74b810057e1aa8b264\"><strong><em>CONVOCATORIA ABIERTA PARA AUTORES INDEPENDIENTES EN FELIBAR 2025<\/em><\/strong><\/p>\n<\/blockquote>\n\n\n\n<p class=\"has-text-align-center has-black-color has-pale-cyan-blue-background-color has-text-color has-background has-link-color has-medium-font-size wp-elements-bb455bf3099cd5ba9b62c3d96b53f8fe\">La Fundaci\u00f3n Feria del Libro de Barrancabermeja <em>D\u00e9jame leer en paz<\/em> invita a autoras y autores independientes de todo el pa\u00eds a postular sus obras para participar en la sexta edici\u00f3n de FELIBAR, que se realizar\u00e1 del 23 al 30 Julio en la Universidad Industrial de Santander (UIS), sede Barrancabermeja. Bajo el lema \u201cEl lector es un actor\u201d, esta edici\u00f3n busca destacar el papel activo del lector en la construcci\u00f3n de sentidos, reconociendo la literatura como un escenario de encuentro, interpretaci\u00f3n y transformaci\u00f3n<\/p>\n\n\n\n<blockquote class=\"wp-block-quote is-layout-flow wp-block-quote-is-layout-flow\">\n<p class=\"has-black-color has-text-color has-link-color has-large-font-size wp-elements-71c8d051ddeb5f2a03d8959cc544c766\"><em><strong>\u00bfQui\u00e9nes pueden participar?<\/strong><\/em><\/p>\n\n\n\n<p class=\"has-black-color has-text-color has-link-color wp-elements-759315acc158ff593ce090c1691a771c\">Autores que hayan publicado un libro de manera independiente o con editoriales no comerciales entre 2020 y 2025<\/p>\n<\/blockquote>\n\n\n\n<blockquote class=\"wp-block-quote is-layout-flow wp-block-quote-is-layout-flow\">\n<p><\/p>\n<\/blockquote>\n\n\n\n<blockquote class=\"wp-block-quote is-layout-flow wp-block-quote-is-layout-flow\">\n<p class=\"has-black-color has-text-color has-link-color has-large-font-size wp-elements-53208a57d92f349463254e7ee272bdd5\">Requisitos<\/p>\n\n\n\n<ul class=\"wp-block-list\">\n<li class=\"has-black-color has-text-color has-link-color has-medium-font-size wp-elements-97eb2642ce9b82de6447c37ea4fd62cb\">La obra debe contar con ISBN y haber cumplido con el dep\u00f3sito legal.<\/li>\n\n\n\n<li class=\"has-black-color has-text-color has-link-color has-medium-font-size wp-elements-da3ad191d7fefb716c9baa59b7c7ea0a\">Se reciben propuestas en novela, poes\u00eda, cuento, cr\u00f3nica, ensayo, c\u00f3mic, literatura infantil o juvenil, entre otros g\u00e9neros.<\/li>\n\n\n\n<li class=\"has-black-color has-text-color has-link-color has-medium-font-size wp-elements-7afc481c44f60051b6afce7a9322f8d5\">El libro puede estar dirigido a cualquier p\u00fablico.<\/li>\n\n\n\n<li class=\"has-black-color has-text-color has-link-color has-medium-font-size wp-elements-9d0a71f17a3d35b99cf666ed16011ed4\">Cada autor podr\u00e1 postular una sola obra.<\/li>\n\n\n\n<li class=\"has-black-color has-text-color has-link-color has-medium-font-size wp-elements-c564855726e28dbd673d6c72076fa385\">Se dar\u00e1 prioridad a autores que hayan recibido reconocimientos, becas o est\u00edmulos literarios en a\u00f1os recientes.<\/li>\n<\/ul>\n<\/blockquote>\n\n\n\n<blockquote class=\"wp-block-quote is-style-default has-black-color has-text-color has-link-color has-medium-font-size wp-elements-dd619b6294caf25f5b3dfb7065adf3d8 is-layout-flow wp-block-quote-is-layout-flow\">\n<p class=\"has-black-color has-text-color has-link-color has-large-font-size wp-elements-9654322361e8de265ae11b342af8999a\"><strong><em>Condiciones de participaci\u00f3n<\/em><\/strong><\/p>\n\n\n\n<ul class=\"wp-block-list\">\n<li>Se seleccionar\u00e1n 15 autores, quienes presentar\u00e1n su libro dentro de la programaci\u00f3n oficial de FELIBAR 2025.<\/li>\n\n\n\n<li>Cada presentaci\u00f3n tendr\u00e1 una duraci\u00f3n de 1 hora, con sonido y proyecci\u00f3n disponibles sin costo para el autor.<\/li>\n\n\n\n<li>Los autores seleccionados podr\u00e1n, si lo desean, gestionar por su cuenta un moderador o interlocutor para su presentaci\u00f3n, informando previamente a la organizaci\u00f3n.<\/li>\n\n\n\n<li>Las y los autores podr\u00e1n vender sus libros durante la feria, con apoyo de su propio equipo si as\u00ed lo requieren.<\/li>\n\n\n\n<li>FELIBAR no cubre gastos de transporte, hospedaje ni honorarios.<\/li>\n<\/ul>\n<\/blockquote>\n\n\n\n<p class=\"has-text-align-center has-black-color has-vivid-green-cyan-background-color has-text-color has-background has-link-color has-medium-font-size wp-elements-f7620c87094d81e9c63a2dd51239f43c\"><strong><em>Cierre de la convocatoria: 30 de mayo de 2025<\/em><\/strong><\/p>\n\n\n\n<p class=\"has-text-align-center has-black-color has-luminous-vivid-orange-background-color has-text-color has-background has-link-color has-medium-font-size wp-elements-fe148ec9dee78316f98a3c9236adb011\"><strong><em><a href=\"https:\/\/forms.gle\/4R7rfjdSWmtksAnU9\" data-type=\"link\" data-id=\"https:\/\/forms.gle\/4R7rfjdSWmtksAnU9\">Post\u00falate aqu\u00ed<\/a><\/em><\/strong><\/p>\n\n\n\n<p><\/p>\n","protected":false},"excerpt":{"rendered":"<div class=\"mh-excerpt\"><p>CONVOCATORIA ABIERTA PARA AUTORES INDEPENDIENTES EN FELIBAR 2025 La Fundaci\u00f3n <a class=\"mh-excerpt-more\" href=\"https:\/\/dejameleerenpaz.com\/index.php\/autores-independientes-2025\/\" title=\"AUTORES INDEPENDIENTES 2025\">[&#8230;]<\/a><\/p>\n<\/div>","protected":false},"author":1,"featured_media":0,"parent":0,"menu_order":0,"comment_status":"closed","ping_status":"closed","template":"","meta":{"footnotes":""},"class_list":["post-5270","page","type-page","status-publish","hentry"],"_links":{"self":[{"href":"https:\/\/dejameleerenpaz.com\/index.php\/wp-json\/wp\/v2\/pages\/5270","targetHints":{"allow":["GET"]}}],"collection":[{"href":"https:\/\/dejameleerenpaz.com\/index.php\/wp-json\/wp\/v2\/pages"}],"about":[{"href":"https:\/\/dejameleerenpaz.com\/index.php\/wp-json\/wp\/v2\/types\/page"}],"author":[{"embeddable":true,"href":"https:\/\/dejameleerenpaz.com\/index.php\/wp-json\/wp\/v2\/users\/1"}],"replies":[{"embeddable":true,"href":"https:\/\/dejameleerenpaz.com\/index.php\/wp-json\/wp\/v2\/comments?post=5270"}],"version-history":[{"count":32,"href":"https:\/\/dejameleerenpaz.com\/index.php\/wp-json\/wp\/v2\/pages\/5270\/revisions"}],"predecessor-version":[{"id":5322,"href":"https:\/\/dejameleerenpaz.com\/index.php\/wp-json\/wp\/v2\/pages\/5270\/revisions\/5322"}],"wp:attachment":[{"href":"https:\/\/dejameleerenpaz.com\/index.php\/wp-json\/wp\/v2\/media?parent=5270"}],"curies":[{"name":"wp","href":"https:\/\/api.w.org\/{rel}","templated":true}]}}