{"id":5153,"date":"2025-04-16T18:35:36","date_gmt":"2025-04-16T18:35:36","guid":{"rendered":"https:\/\/dejameleerenpaz.com\/?page_id=5153"},"modified":"2025-05-10T19:28:59","modified_gmt":"2025-05-10T19:28:59","slug":"convocatoria-2025","status":"publish","type":"page","link":"https:\/\/dejameleerenpaz.com\/index.php\/convocatoria-2025\/","title":{"rendered":"ESCRITORES 2025"},"content":{"rendered":"\n<p class=\"has-text-align-center\"><strong><em>Participaci\u00f3n Escritores (locales, nacionales e internacionales), promotores de lectura, artistas, colectivos literarios y culturales e investigadores en la VI edici\u00f3n de la Feria del Libro D\u00e9jame Leer en Paz<\/em><\/strong><\/p>\n\n\n\n<h2 class=\"wp-block-heading\">Tem\u00e1tica:<\/h2>\n\n\n\n<figure class=\"wp-block-pullquote has-black-color has-vivid-green-cyan-background-color has-text-color has-background has-link-color has-small-font-size wp-elements-c91a7e8ba1f50cd0543d429728f72be2\" style=\"border-width:7px;border-radius:100px;font-style:normal;font-weight:500\"><blockquote><p><em><strong>EL LECTOR ES UN ACTOR<\/strong><\/em><\/p><cite><em>HOMENAJE A HERN\u00c1N SANTIAGO MART\u00cdNEZ PALOMINO \u2013 ENRIQUE BUENAVENTURA Y GUILLERMO CANO ISAZA<\/em><\/cite><\/blockquote><\/figure>\n\n\n\n<p class=\"has-text-align-center\">En nombre de la Fundaci\u00f3n le agradecemos su inter\u00e9s en participar en la 6ta. edici\u00f3n de la Feria del Libro Distrital de Barrancabermeja \u201cD\u00e9jame leer en Paz\u201d, le solicitamos diligenciar el formulario utilizando la informaci\u00f3n del anexo 1. Le recordamos que la extensi\u00f3n de la invitaci\u00f3n y el recibimiento de la propuesta no significa aceptaci\u00f3n de la misma, esta ser\u00e1 revisada y de acuerdo al presupuesto se le contactar\u00e1, de igual forma, que el n\u00famero m\u00e1ximo de actividades a desarrollar por edici\u00f3n son 5.<\/p>\n\n\n\n<p>Por favor tener presente lo siguiente:<\/p>\n\n\n\n<p class=\"has-text-align-center\"><strong><em>Toda actividad desarrollada en la feria requiere el diligenciamiento del formato de resumen, informaci\u00f3n que sirve de insumo para elaborar las memorias del evento. <\/em><\/strong><strong><\/strong><\/p>\n\n\n\n<p class=\"has-text-align-center\">Le invitamos a diligenciar el Anexo 2 con el apoyo del Anexo 1 y luego proceder a completar el formulario. En el momento de llenar el formulario, se requiere, adem\u00e1s: RUT-DIAN, Fotocopia de la c\u00e9dula, Hoja de vida (especificar en el perfil los t\u00edtulos y trabajos realizados), Certificado de antecedentes PROCURADORIA General de la Naci\u00f3n, Certificado de antecedentes fiscales CONTRALORIA, Certificado de antecedentes disciplinarios PERSONERIA, Antecedentes judiciales POLIC\u00cdA NACIONAL, Certificado Delitos sexuales cometidos contra menores de 18 a\u00f1os, Certificado Sistema Registro Nacional de Medidas Correctivas RNMC Vinculaci\u00f3n a Procesos penales FISCALIA General de la Naci\u00f3n y Certificado REDAM Registro de Deudores Alimentarios Morosos&nbsp;<\/p>\n\n\n\n<ol class=\"wp-block-list\">\n<li>Ingrese al Formulario&nbsp;<strong><kbd><a href=\"https:\/\/docs.google.com\/forms\/d\/e\/1FAIpQLSeKiMQ1i2aqJxrg4zRB4ApJgAMX9Z-mOCnRX8NHjxzNO3qzvA\/viewform?usp=sharing\">(Aqu\u00ed)<\/a><\/kbd><\/strong><\/li>\n\n\n\n<li>Anexo 1: Descripci\u00f3n de Actividades FELIBAR<\/li>\n\n\n\n<li>Anexo 2: Tabla de especificaciones de las actividades a desarrollar en la feria<\/li>\n<\/ol>\n\n\n\n<div data-wp-interactive=\"core\/file\" class=\"wp-block-file aligncenter\"><object data-wp-bind--hidden=\"!state.hasPdfPreview\" hidden class=\"wp-block-file__embed\" data=\"https:\/\/dejameleerenpaz.com\/wp-content\/uploads\/2025\/04\/ANEXO_1._ACTIVIDADES_FERIA_2025.pdf\" type=\"application\/pdf\" style=\"width:100%;height:600px\" aria-label=\"Incrustado de ANEXO_1. Descripci\u00f3n de Actividades FELIBAR.\"><\/object><a id=\"wp-block-file--media-3a448fff-fa76-4aff-991c-35943c45d723\" href=\"https:\/\/dejameleerenpaz.com\/wp-content\/uploads\/2025\/04\/ANEXO_1._ACTIVIDADES_FERIA_2025.pdf\">ANEXO_1. Descripci\u00f3n de Actividades FELIBAR<\/a><a href=\"https:\/\/dejameleerenpaz.com\/wp-content\/uploads\/2025\/04\/ANEXO_1._ACTIVIDADES_FERIA_2025.pdf\" class=\"wp-block-file__button wp-element-button\" download aria-describedby=\"wp-block-file--media-3a448fff-fa76-4aff-991c-35943c45d723\">Descargar<\/a><\/div>\n\n\n\n<div class=\"wp-block-file aligncenter\"><a id=\"wp-block-file--media-2dd9922f-492c-4591-a3f4-3d5befab958c\" href=\"https:\/\/dejameleerenpaz.com\/wp-content\/uploads\/2025\/04\/ANEXO-2.-TABLA-DE-ACTIVIDADES-PARTICIPANTE-FELIBAR-1.docx\">ANEXO 2. Tabla de especificaciones de las actividades a desarrollar en la feria<\/a><a href=\"https:\/\/dejameleerenpaz.com\/wp-content\/uploads\/2025\/04\/ANEXO-2.-TABLA-DE-ACTIVIDADES-PARTICIPANTE-FELIBAR-1.docx\" class=\"wp-block-file__button wp-element-button\" download aria-describedby=\"wp-block-file--media-2dd9922f-492c-4591-a3f4-3d5befab958c\">Descargar<\/a><\/div>\n\n\n\n<figure class=\"wp-block-table aligncenter is-style-stripes has-medium-font-size\"><table class=\"has-black-color has-luminous-vivid-amber-background-color has-text-color has-background has-link-color has-fixed-layout\"><tbody><tr><td><strong><em>Apertura convocatoria<\/em><\/strong><\/td><td class=\"has-text-align-left\" data-align=\"left\"><strong><em>Abril 16<\/em> 2025<\/strong><\/td><\/tr><tr><td><strong><em>Cierre Convocatoria<\/em><\/strong><\/td><td class=\"has-text-align-left\" data-align=\"left\"><strong><em>Abril 26 2025<\/em><\/strong><\/td><\/tr><\/tbody><\/table><\/figure>\n\n\n\n<p class=\"has-text-align-center\">Adem\u00e1s de los documentos que debe entregar, si es aceptada la propuesta, previo a la Feria debe enviar:<\/p>\n\n\n\n<ul class=\"wp-block-list\">\n<li>Dos fotograf\u00edas en alta resoluci\u00f3n en formato PNG y una vertical para efectos publicitarios.<\/li>\n\n\n\n<li>Un v\u00eddeo de 1 minuto invitando a la comunidad del Magdalena Medio a participar en la VI edici\u00f3n de la Feria del Libro D\u00e9jame Leer en Paz, recuerde la tem\u00e1tica de nuestra 6ta versi\u00f3n.<\/li>\n<\/ul>\n\n\n\n<figure class=\"wp-block-pullquote has-black-color has-pale-cyan-blue-background-color has-text-color has-background has-link-color wp-elements-06a7d7d5c73b9a494eb53483202a1b56\"><blockquote><p>Si su propuesta es aceptada debe tener en cuenta que al valor a cancelar se le har\u00e1n los respectivos <strong>DESCUENTOS DE LEY<\/strong> y para hacer efectivo el pago, debe entregar al momento de finalizar su participaci\u00f3n en la feria los siguientes documentos:<\/p><cite>1. Certificaci\u00f3n bancaria<br>2. Pago de seguridad social del mes de julio por el valor acordado y el n\u00famero de d\u00edas de participaci\u00f3n.<br> 3. Contrato (se entrega formato)<br>4. Cuenta de cobro (se entrega formato) o factura electr\u00f3nica.<br>5. Paz y Salvo (se entrega formato)<br>6. Registro de asistencia de participantes (se entrega formato)<br>7. Resumen de la actividad desarrollada (se entrega formato)<br>8. Evaluaci\u00f3n de la actividad desarrollada (se entrega formato)<br>9. Memorias Taller y \/ o conferencia (se entrega formato)<\/cite><\/blockquote><\/figure>\n","protected":false},"excerpt":{"rendered":"<div class=\"mh-excerpt\"><p>Participaci\u00f3n Escritores (locales, nacionales e internacionales), promotores de lectura, artistas, <a class=\"mh-excerpt-more\" href=\"https:\/\/dejameleerenpaz.com\/index.php\/convocatoria-2025\/\" title=\"ESCRITORES 2025\">[&#8230;]<\/a><\/p>\n<\/div>","protected":false},"author":1,"featured_media":0,"parent":0,"menu_order":0,"comment_status":"closed","ping_status":"closed","template":"","meta":{"footnotes":""},"class_list":["post-5153","page","type-page","status-publish","hentry"],"_links":{"self":[{"href":"https:\/\/dejameleerenpaz.com\/index.php\/wp-json\/wp\/v2\/pages\/5153","targetHints":{"allow":["GET"]}}],"collection":[{"href":"https:\/\/dejameleerenpaz.com\/index.php\/wp-json\/wp\/v2\/pages"}],"about":[{"href":"https:\/\/dejameleerenpaz.com\/index.php\/wp-json\/wp\/v2\/types\/page"}],"author":[{"embeddable":true,"href":"https:\/\/dejameleerenpaz.com\/index.php\/wp-json\/wp\/v2\/users\/1"}],"replies":[{"embeddable":true,"href":"https:\/\/dejameleerenpaz.com\/index.php\/wp-json\/wp\/v2\/comments?post=5153"}],"version-history":[{"count":29,"href":"https:\/\/dejameleerenpaz.com\/index.php\/wp-json\/wp\/v2\/pages\/5153\/revisions"}],"predecessor-version":[{"id":5269,"href":"https:\/\/dejameleerenpaz.com\/index.php\/wp-json\/wp\/v2\/pages\/5153\/revisions\/5269"}],"wp:attachment":[{"href":"https:\/\/dejameleerenpaz.com\/index.php\/wp-json\/wp\/v2\/media?parent=5153"}],"curies":[{"name":"wp","href":"https:\/\/api.w.org\/{rel}","templated":true}]}}