{"id":4919,"date":"2024-11-24T14:03:18","date_gmt":"2024-11-24T14:03:18","guid":{"rendered":"https:\/\/dejameleerenpaz.com\/?page_id=4919"},"modified":"2024-11-28T20:02:13","modified_gmt":"2024-11-28T20:02:13","slug":"conocimiento-medicinal","status":"publish","type":"page","link":"https:\/\/dejameleerenpaz.com\/index.php\/conocimiento-medicinal\/","title":{"rendered":"CONOCIMIENTO MEDICINAL"},"content":{"rendered":"\n<h2 class=\"wp-block-heading has-text-align-center\">Encuentro con las f\u00e9minas poseedoras del conocimiento medicinal para que en un di\u00e1logo ameno cuenten a los j\u00f3venes los usos que tienen cada una de las plantas seleccionadas<\/h2>\n\n\n\n<figure class=\"wp-block-embed aligncenter is-type-video is-provider-youtube wp-block-embed-youtube wp-embed-aspect-16-9 wp-has-aspect-ratio\"><div class=\"wp-block-embed__wrapper\">\n<iframe title=\"ANA RITA CENTENO: PLANTAS MEDICINALES: ENCUENTRO ENTRE EL SABER POPULAR Y CIENT\u00cdFICO\" width=\"500\" height=\"281\" src=\"https:\/\/www.youtube.com\/embed\/Sk5v6OICzSo?feature=oembed\" frameborder=\"0\" allow=\"accelerometer; autoplay; clipboard-write; encrypted-media; gyroscope; picture-in-picture; web-share\" referrerpolicy=\"strict-origin-when-cross-origin\" allowfullscreen><\/iframe>\n<\/div><\/figure>\n\n\n\n<figure class=\"wp-block-embed aligncenter is-type-video is-provider-youtube wp-block-embed-youtube wp-embed-aspect-16-9 wp-has-aspect-ratio\"><div class=\"wp-block-embed__wrapper\">\n<iframe title=\"BENITA MORALES: PLANTAS MEDICINALES: ENCUENTRO ENTRE EL SABER POPULAR Y CIENT\u00cdFICO\" width=\"500\" height=\"281\" src=\"https:\/\/www.youtube.com\/embed\/cpkZgGDOnOE?feature=oembed\" frameborder=\"0\" allow=\"accelerometer; autoplay; clipboard-write; encrypted-media; gyroscope; picture-in-picture; web-share\" referrerpolicy=\"strict-origin-when-cross-origin\" allowfullscreen><\/iframe>\n<\/div><\/figure>\n\n\n\n<figure class=\"wp-block-embed aligncenter is-type-video is-provider-youtube wp-block-embed-youtube wp-embed-aspect-16-9 wp-has-aspect-ratio\"><div class=\"wp-block-embed__wrapper\">\nhttps:\/\/youtu.be\/j0bnu0Em45g\n<\/div><\/figure>\n\n\n\n<figure class=\"wp-block-embed aligncenter is-type-video is-provider-youtube wp-block-embed-youtube wp-embed-aspect-16-9 wp-has-aspect-ratio\"><div class=\"wp-block-embed__wrapper\">\n<iframe title=\"ISABEL M.BASTIDAS: PLANTAS MEDICINALES: ENCUENTRO ENTRE EL SABER POPULAR Y CIENT\u00cdFICO\" width=\"500\" height=\"281\" src=\"https:\/\/www.youtube.com\/embed\/Xk6GqAil9DI?feature=oembed\" frameborder=\"0\" allow=\"accelerometer; autoplay; clipboard-write; encrypted-media; gyroscope; picture-in-picture; web-share\" referrerpolicy=\"strict-origin-when-cross-origin\" allowfullscreen><\/iframe>\n<\/div><\/figure>\n\n\n\n<figure class=\"wp-block-embed aligncenter is-type-video is-provider-youtube wp-block-embed-youtube wp-embed-aspect-16-9 wp-has-aspect-ratio\"><div class=\"wp-block-embed__wrapper\">\n<iframe title=\"ROSA ELENA RAMOS: PLANTAS MEDICINALES: ENCUENTRO ENTRE EL SABER POPULAR Y CIENT\u00cdFICO\" width=\"500\" height=\"281\" src=\"https:\/\/www.youtube.com\/embed\/uyrUIXbpuOU?feature=oembed\" frameborder=\"0\" allow=\"accelerometer; autoplay; clipboard-write; encrypted-media; gyroscope; picture-in-picture; web-share\" referrerpolicy=\"strict-origin-when-cross-origin\" allowfullscreen><\/iframe>\n<\/div><\/figure>\n","protected":false},"excerpt":{"rendered":"<div class=\"mh-excerpt\"><p>Encuentro con las f\u00e9minas poseedoras del conocimiento medicinal para que <a class=\"mh-excerpt-more\" href=\"https:\/\/dejameleerenpaz.com\/index.php\/conocimiento-medicinal\/\" title=\"CONOCIMIENTO MEDICINAL\">[&#8230;]<\/a><\/p>\n<\/div>","protected":false},"author":1,"featured_media":0,"parent":0,"menu_order":0,"comment_status":"closed","ping_status":"closed","template":"","meta":{"footnotes":""},"class_list":["post-4919","page","type-page","status-publish","hentry"],"_links":{"self":[{"href":"https:\/\/dejameleerenpaz.com\/index.php\/wp-json\/wp\/v2\/pages\/4919","targetHints":{"allow":["GET"]}}],"collection":[{"href":"https:\/\/dejameleerenpaz.com\/index.php\/wp-json\/wp\/v2\/pages"}],"about":[{"href":"https:\/\/dejameleerenpaz.com\/index.php\/wp-json\/wp\/v2\/types\/page"}],"author":[{"embeddable":true,"href":"https:\/\/dejameleerenpaz.com\/index.php\/wp-json\/wp\/v2\/users\/1"}],"replies":[{"embeddable":true,"href":"https:\/\/dejameleerenpaz.com\/index.php\/wp-json\/wp\/v2\/comments?post=4919"}],"version-history":[{"count":8,"href":"https:\/\/dejameleerenpaz.com\/index.php\/wp-json\/wp\/v2\/pages\/4919\/revisions"}],"predecessor-version":[{"id":4934,"href":"https:\/\/dejameleerenpaz.com\/index.php\/wp-json\/wp\/v2\/pages\/4919\/revisions\/4934"}],"wp:attachment":[{"href":"https:\/\/dejameleerenpaz.com\/index.php\/wp-json\/wp\/v2\/media?parent=4919"}],"curies":[{"name":"wp","href":"https:\/\/api.w.org\/{rel}","templated":true}]}}