{"id":4256,"date":"2024-07-30T00:54:47","date_gmt":"2024-07-30T00:54:47","guid":{"rendered":"https:\/\/dejameleerenpaz.com\/?page_id=4256"},"modified":"2024-07-30T01:55:12","modified_gmt":"2024-07-30T01:55:12","slug":"invitacion","status":"publish","type":"page","link":"https:\/\/dejameleerenpaz.com\/index.php\/invitacion\/","title":{"rendered":"INVITACI\u00d3N"},"content":{"rendered":"\n<figure class=\"wp-block-embed aligncenter is-type-video is-provider-youtube wp-block-embed-youtube wp-embed-aspect-4-3 wp-has-aspect-ratio\"><div class=\"wp-block-embed__wrapper\">\n<iframe title=\"AMALIA LOW - 5ta FERIA DEL LIBRO D\u00c9JAME LEER EN PAZ #leertehacebien   #feriadellibro\" width=\"500\" height=\"375\" src=\"https:\/\/www.youtube.com\/embed\/YokrHd1e1YY?feature=oembed\" frameborder=\"0\" allow=\"accelerometer; autoplay; clipboard-write; encrypted-media; gyroscope; picture-in-picture; web-share\" referrerpolicy=\"strict-origin-when-cross-origin\" allowfullscreen><\/iframe>\n<\/div><\/figure>\n\n\n\n<figure class=\"wp-block-embed aligncenter is-type-video is-provider-youtube wp-block-embed-youtube wp-embed-aspect-4-3 wp-has-aspect-ratio\"><div class=\"wp-block-embed__wrapper\">\n<iframe title=\"VICTOR NI\u00d1O RANGEL - 5ta FERIA DEL LIBRO D\u00c9JAME LEER EN PAZ #leertehacebien\" width=\"500\" height=\"375\" src=\"https:\/\/www.youtube.com\/embed\/Opuk7v30iIs?feature=oembed\" frameborder=\"0\" allow=\"accelerometer; autoplay; clipboard-write; encrypted-media; gyroscope; picture-in-picture; web-share\" referrerpolicy=\"strict-origin-when-cross-origin\" allowfullscreen><\/iframe>\n<\/div><\/figure>\n\n\n\n<figure class=\"wp-block-embed aligncenter is-type-video is-provider-youtube wp-block-embed-youtube wp-embed-aspect-4-3 wp-has-aspect-ratio\"><div class=\"wp-block-embed__wrapper\">\n<iframe title=\"SEMILLERO LA PALABRA EN EL ESPACIO - 5ta FERIA DEL LIBRO D\u00c9JAME LEER EN PAZ #leertehacebien\" width=\"500\" height=\"375\" src=\"https:\/\/www.youtube.com\/embed\/ByM_AyNLIz8?feature=oembed\" frameborder=\"0\" allow=\"accelerometer; autoplay; clipboard-write; encrypted-media; gyroscope; picture-in-picture; web-share\" referrerpolicy=\"strict-origin-when-cross-origin\" allowfullscreen><\/iframe>\n<\/div><\/figure>\n\n\n\n<figure class=\"wp-block-embed aligncenter is-type-video is-provider-youtube wp-block-embed-youtube wp-embed-aspect-4-3 wp-has-aspect-ratio\"><div class=\"wp-block-embed__wrapper\">\n<iframe title=\"WALTER ALONSO G\u00d3MEZ - 5ta FERIA DEL LIBRO D\u00c9JAME LEER EN PAZ #leertehacebien\" width=\"500\" height=\"375\" src=\"https:\/\/www.youtube.com\/embed\/Z0J-rOuatk0?feature=oembed\" frameborder=\"0\" allow=\"accelerometer; autoplay; clipboard-write; encrypted-media; gyroscope; picture-in-picture; web-share\" referrerpolicy=\"strict-origin-when-cross-origin\" allowfullscreen><\/iframe>\n<\/div><\/figure>\n\n\n\n<figure class=\"wp-block-embed aligncenter is-type-video is-provider-youtube wp-block-embed-youtube wp-embed-aspect-4-3 wp-has-aspect-ratio\"><div class=\"wp-block-embed__wrapper\">\n<iframe title=\"OSCAR AD\u00c1N (FONDO DE CULTURA ECON\u00d3MICA) - 5ta FERIA DEL LIBRO D\u00c9JAME LEER EN PAZ #leertehacebien\" width=\"500\" height=\"375\" src=\"https:\/\/www.youtube.com\/embed\/5vuAXo91Lws?feature=oembed\" frameborder=\"0\" allow=\"accelerometer; autoplay; clipboard-write; encrypted-media; gyroscope; picture-in-picture; web-share\" referrerpolicy=\"strict-origin-when-cross-origin\" allowfullscreen><\/iframe>\n<\/div><\/figure>\n\n\n\n<figure class=\"wp-block-embed aligncenter is-type-video is-provider-youtube wp-block-embed-youtube wp-embed-aspect-4-3 wp-has-aspect-ratio\"><div class=\"wp-block-embed__wrapper\">\n<iframe title=\"NINI WILCHES (FONDO DE CULTURA ECON\u00d3MICA) - 5ta FERIA DEL LIBRO D\u00c9JAME LEER EN PAZ #leertehacebien\" width=\"500\" height=\"375\" src=\"https:\/\/www.youtube.com\/embed\/K8p9lALjfJw?feature=oembed\" frameborder=\"0\" allow=\"accelerometer; autoplay; clipboard-write; encrypted-media; gyroscope; picture-in-picture; web-share\" referrerpolicy=\"strict-origin-when-cross-origin\" allowfullscreen><\/iframe>\n<\/div><\/figure>\n\n\n\n<figure class=\"wp-block-embed aligncenter is-type-video is-provider-youtube wp-block-embed-youtube wp-embed-aspect-4-3 wp-has-aspect-ratio\"><div class=\"wp-block-embed__wrapper\">\n<iframe title=\"EDGAR ENRIQUE FAJARDO - 5ta FERIA DEL LIBRO D\u00c9JAME LEER EN PAZ #leertehacebien\" width=\"500\" height=\"375\" src=\"https:\/\/www.youtube.com\/embed\/Jy2o8x_SG9M?feature=oembed\" frameborder=\"0\" allow=\"accelerometer; autoplay; clipboard-write; encrypted-media; gyroscope; picture-in-picture; web-share\" referrerpolicy=\"strict-origin-when-cross-origin\" allowfullscreen><\/iframe>\n<\/div><\/figure>\n\n\n\n<figure class=\"wp-block-embed aligncenter is-type-video is-provider-youtube wp-block-embed-youtube wp-embed-aspect-4-3 wp-has-aspect-ratio\"><div class=\"wp-block-embed__wrapper\">\n<iframe title=\"CASA BARULLO - 5ta FERIA DEL LIBRO D\u00c9JAME LEER EN PAZ #leertehacebien\" width=\"500\" height=\"375\" src=\"https:\/\/www.youtube.com\/embed\/Wv1c28bAsi0?feature=oembed\" frameborder=\"0\" allow=\"accelerometer; autoplay; clipboard-write; encrypted-media; gyroscope; picture-in-picture; web-share\" referrerpolicy=\"strict-origin-when-cross-origin\" allowfullscreen><\/iframe>\n<\/div><\/figure>\n\n\n\n<figure class=\"wp-block-embed aligncenter is-type-video is-provider-youtube wp-block-embed-youtube wp-embed-aspect-4-3 wp-has-aspect-ratio\"><div class=\"wp-block-embed__wrapper\">\n<iframe title=\"CLUB DE LECTURA: LETRAS EN COM\u00daN (UNAB) - 5ta FERIA DEL LIBRO D\u00c9JAME LEER EN PAZ #leertehacebien\" width=\"500\" height=\"375\" src=\"https:\/\/www.youtube.com\/embed\/yMFU6e81eKY?feature=oembed\" frameborder=\"0\" allow=\"accelerometer; autoplay; clipboard-write; encrypted-media; gyroscope; picture-in-picture; web-share\" referrerpolicy=\"strict-origin-when-cross-origin\" allowfullscreen><\/iframe>\n<\/div><\/figure>\n\n\n\n<figure class=\"wp-block-embed aligncenter is-type-video is-provider-youtube wp-block-embed-youtube wp-embed-aspect-4-3 wp-has-aspect-ratio\"><div class=\"wp-block-embed__wrapper\">\n<iframe title=\"TELMO SANTIAGO ANGULO (DECIMERO) - 5ta FERIA DEL LIBRO D\u00c9JAME LEER EN PAZ #leertehacebien\" width=\"500\" height=\"375\" src=\"https:\/\/www.youtube.com\/embed\/7UTKhvLtHN8?feature=oembed\" frameborder=\"0\" allow=\"accelerometer; autoplay; clipboard-write; encrypted-media; gyroscope; picture-in-picture; web-share\" referrerpolicy=\"strict-origin-when-cross-origin\" allowfullscreen><\/iframe>\n<\/div><\/figure>\n\n\n\n<figure class=\"wp-block-embed aligncenter is-type-video is-provider-youtube wp-block-embed-youtube wp-embed-aspect-4-3 wp-has-aspect-ratio\"><div class=\"wp-block-embed__wrapper\">\n<iframe title=\"SARA ZULUAGA - 5ta FERIA DEL LIBRO D\u00c9JAME LEER EN PAZ #leertehacebien\" width=\"500\" height=\"375\" src=\"https:\/\/www.youtube.com\/embed\/r_9iUMJjxkw?feature=oembed\" frameborder=\"0\" allow=\"accelerometer; autoplay; clipboard-write; encrypted-media; gyroscope; picture-in-picture; web-share\" referrerpolicy=\"strict-origin-when-cross-origin\" allowfullscreen><\/iframe>\n<\/div><\/figure>\n\n\n\n<figure class=\"wp-block-embed aligncenter is-type-video is-provider-youtube wp-block-embed-youtube wp-embed-aspect-4-3 wp-has-aspect-ratio\"><div class=\"wp-block-embed__wrapper\">\n<iframe title=\"YULIETH GONZALEZ ZEA - 5ta FERIA DEL LIBRO D\u00c9JAME LEER EN PAZ #leertehacebien\" width=\"500\" height=\"375\" src=\"https:\/\/www.youtube.com\/embed\/HIqlGtCm9lQ?feature=oembed\" frameborder=\"0\" allow=\"accelerometer; autoplay; clipboard-write; encrypted-media; gyroscope; picture-in-picture; web-share\" referrerpolicy=\"strict-origin-when-cross-origin\" allowfullscreen><\/iframe>\n<\/div><\/figure>\n\n\n\n<figure class=\"wp-block-embed aligncenter is-type-video is-provider-youtube wp-block-embed-youtube wp-embed-aspect-4-3 wp-has-aspect-ratio\"><div class=\"wp-block-embed__wrapper\">\n<iframe title=\"SEMILLERO CO-LIBRIS - 5ta FERIA DEL LIBRO D\u00c9JAME LEER EN PAZ #leertehacebien\" width=\"500\" height=\"375\" src=\"https:\/\/www.youtube.com\/embed\/8d9NBpnfEyc?feature=oembed\" frameborder=\"0\" allow=\"accelerometer; autoplay; clipboard-write; encrypted-media; gyroscope; picture-in-picture; web-share\" referrerpolicy=\"strict-origin-when-cross-origin\" allowfullscreen><\/iframe>\n<\/div><\/figure>\n\n\n\n<figure class=\"wp-block-embed aligncenter is-type-video is-provider-youtube wp-block-embed-youtube wp-embed-aspect-4-3 wp-has-aspect-ratio\"><div class=\"wp-block-embed__wrapper\">\n<iframe title=\"MAURICIO GRANDE - 5ta FERIA DEL LIBRO D\u00c9JAME LEER EN PAZ #leertehacebien\" width=\"500\" height=\"375\" src=\"https:\/\/www.youtube.com\/embed\/wFSjAp23yrw?feature=oembed\" frameborder=\"0\" allow=\"accelerometer; autoplay; clipboard-write; encrypted-media; gyroscope; picture-in-picture; web-share\" referrerpolicy=\"strict-origin-when-cross-origin\" allowfullscreen><\/iframe>\n<\/div><\/figure>\n\n\n\n<figure class=\"wp-block-embed aligncenter is-type-video is-provider-youtube wp-block-embed-youtube wp-embed-aspect-4-3 wp-has-aspect-ratio\"><div class=\"wp-block-embed__wrapper\">\n<iframe title=\"RAM\u00d3N DAR\u00cdO PINEDA - 5ta FERIA DEL LIBRO D\u00c9JAME LEER EN PAZ #leertehacebien\" width=\"500\" height=\"375\" src=\"https:\/\/www.youtube.com\/embed\/3zUJXpmx_Kg?feature=oembed\" frameborder=\"0\" allow=\"accelerometer; autoplay; clipboard-write; encrypted-media; gyroscope; picture-in-picture; web-share\" referrerpolicy=\"strict-origin-when-cross-origin\" allowfullscreen><\/iframe>\n<\/div><\/figure>\n\n\n\n<figure class=\"wp-block-embed aligncenter is-type-video is-provider-youtube wp-block-embed-youtube wp-embed-aspect-4-3 wp-has-aspect-ratio\"><div class=\"wp-block-embed__wrapper\">\n<iframe title=\"REVISTA PR - 5ta FERIA DEL LIBRO D\u00c9JAME LEER EN PAZ #leertehacebien\" width=\"500\" height=\"375\" src=\"https:\/\/www.youtube.com\/embed\/37f2shd3em8?feature=oembed\" frameborder=\"0\" allow=\"accelerometer; autoplay; clipboard-write; encrypted-media; gyroscope; picture-in-picture; web-share\" referrerpolicy=\"strict-origin-when-cross-origin\" allowfullscreen><\/iframe>\n<\/div><\/figure>\n\n\n\n<figure class=\"wp-block-embed aligncenter is-type-video is-provider-youtube wp-block-embed-youtube wp-embed-aspect-4-3 wp-has-aspect-ratio\"><div class=\"wp-block-embed__wrapper\">\n<iframe title=\"MAMOTRETO EDITORIAL (NUSS)- 5ta FERIA DEL LIBRO D\u00c9JAME LEER EN PAZ #leertehacebien\" width=\"500\" height=\"375\" src=\"https:\/\/www.youtube.com\/embed\/zfjZao5RsJI?feature=oembed\" frameborder=\"0\" allow=\"accelerometer; autoplay; clipboard-write; encrypted-media; gyroscope; picture-in-picture; web-share\" referrerpolicy=\"strict-origin-when-cross-origin\" allowfullscreen><\/iframe>\n<\/div><\/figure>\n\n\n\n<figure class=\"wp-block-embed aligncenter is-type-video is-provider-youtube wp-block-embed-youtube wp-embed-aspect-4-3 wp-has-aspect-ratio\"><div class=\"wp-block-embed__wrapper\">\n<iframe title=\"MAMOTRETO EDITORIAL CEIBA - 5ta FERIA DEL LIBRO D\u00c9JAME LEER EN PAZ #leertehacebien\" width=\"500\" height=\"375\" src=\"https:\/\/www.youtube.com\/embed\/rIyrFIVwzDM?feature=oembed\" frameborder=\"0\" allow=\"accelerometer; autoplay; clipboard-write; encrypted-media; gyroscope; picture-in-picture; web-share\" referrerpolicy=\"strict-origin-when-cross-origin\" allowfullscreen><\/iframe>\n<\/div><\/figure>\n\n\n\n<figure class=\"wp-block-embed aligncenter is-type-video is-provider-youtube wp-block-embed-youtube wp-embed-aspect-4-3 wp-has-aspect-ratio\"><div class=\"wp-block-embed__wrapper\">\n<iframe title=\"LINA URIBE (LIBRER\u00cdA EL MONACHITO) - 5ta FERIA DEL LIBRO D\u00c9JAME LEER EN PAZ #leertehacebien\" width=\"500\" height=\"375\" src=\"https:\/\/www.youtube.com\/embed\/bFIg01W1pkU?feature=oembed\" frameborder=\"0\" allow=\"accelerometer; autoplay; clipboard-write; encrypted-media; gyroscope; picture-in-picture; web-share\" referrerpolicy=\"strict-origin-when-cross-origin\" allowfullscreen><\/iframe>\n<\/div><\/figure>\n\n\n\n<figure class=\"wp-block-embed aligncenter is-type-video is-provider-youtube wp-block-embed-youtube wp-embed-aspect-4-3 wp-has-aspect-ratio\"><div class=\"wp-block-embed__wrapper\">\n<iframe title=\"JUAN ESTEBAN L\u00d3PEZ - 5ta FERIA DEL LIBRO D\u00c9JAME LEER EN PAZ #leertehacebien\" width=\"500\" height=\"375\" src=\"https:\/\/www.youtube.com\/embed\/pTV7drhnlLM?feature=oembed\" frameborder=\"0\" allow=\"accelerometer; autoplay; clipboard-write; encrypted-media; gyroscope; picture-in-picture; web-share\" referrerpolicy=\"strict-origin-when-cross-origin\" allowfullscreen><\/iframe>\n<\/div><\/figure>\n\n\n\n<figure class=\"wp-block-embed aligncenter is-type-video is-provider-youtube wp-block-embed-youtube wp-embed-aspect-4-3 wp-has-aspect-ratio\"><div class=\"wp-block-embed__wrapper\">\n<iframe title=\"IV\u00d3N MAGALY GUEVARA QUEBRAOLLA - 5ta FERIA DEL LIBRO D\u00c9JAME LEER EN PAZ #leertehacebien\" width=\"500\" height=\"375\" src=\"https:\/\/www.youtube.com\/embed\/xtTOn3PIdvE?feature=oembed\" frameborder=\"0\" allow=\"accelerometer; autoplay; clipboard-write; encrypted-media; gyroscope; picture-in-picture; web-share\" referrerpolicy=\"strict-origin-when-cross-origin\" allowfullscreen><\/iframe>\n<\/div><\/figure>\n\n\n\n<figure class=\"wp-block-embed aligncenter is-type-video is-provider-youtube wp-block-embed-youtube wp-embed-aspect-4-3 wp-has-aspect-ratio\"><div class=\"wp-block-embed__wrapper\">\n<iframe title=\"DANNY ZORA SILVERA- 5ta FERIA DEL LIBRO D\u00c9JAME LEER EN PAZ #leertehacebien\" width=\"500\" height=\"375\" src=\"https:\/\/www.youtube.com\/embed\/EwQbfonmHDw?feature=oembed\" frameborder=\"0\" allow=\"accelerometer; autoplay; clipboard-write; encrypted-media; gyroscope; picture-in-picture; web-share\" referrerpolicy=\"strict-origin-when-cross-origin\" allowfullscreen><\/iframe>\n<\/div><\/figure>\n\n\n\n<figure class=\"wp-block-embed aligncenter is-type-video is-provider-youtube wp-block-embed-youtube wp-embed-aspect-4-3 wp-has-aspect-ratio\"><div class=\"wp-block-embed__wrapper\">\n<iframe title=\"FUNDACI\u00d3N ALAIA - 5ta FERIA DEL LIBRO D\u00c9JAME LEER EN PAZ #leertehacebien\" width=\"500\" height=\"375\" src=\"https:\/\/www.youtube.com\/embed\/Y6yU7RIFs3w?feature=oembed\" frameborder=\"0\" allow=\"accelerometer; autoplay; clipboard-write; encrypted-media; gyroscope; picture-in-picture; web-share\" referrerpolicy=\"strict-origin-when-cross-origin\" allowfullscreen><\/iframe>\n<\/div><\/figure>\n\n\n\n<figure class=\"wp-block-embed aligncenter is-type-video is-provider-youtube wp-block-embed-youtube wp-embed-aspect-4-3 wp-has-aspect-ratio\"><div class=\"wp-block-embed__wrapper\">\n<iframe title=\"FREDY AYALA - 5ta FERIA DEL LIBRO D\u00c9JAME LEER EN PAZ #leertehacebien\" width=\"500\" height=\"375\" src=\"https:\/\/www.youtube.com\/embed\/8ngQhOQ3zts?feature=oembed\" frameborder=\"0\" allow=\"accelerometer; autoplay; clipboard-write; encrypted-media; gyroscope; picture-in-picture; web-share\" referrerpolicy=\"strict-origin-when-cross-origin\" allowfullscreen><\/iframe>\n<\/div><\/figure>\n\n\n\n<figure class=\"wp-block-embed aligncenter is-type-video is-provider-youtube wp-block-embed-youtube wp-embed-aspect-4-3 wp-has-aspect-ratio\"><div class=\"wp-block-embed__wrapper\">\n<iframe title=\"FRANCISCO P\u00c9REZ PE\u00d1A - 5ta FERIA DEL LIBRO D\u00c9JAME LEER EN PAZ #leertehacebien\" width=\"500\" height=\"375\" src=\"https:\/\/www.youtube.com\/embed\/1_aghwlgfVA?feature=oembed\" frameborder=\"0\" allow=\"accelerometer; autoplay; clipboard-write; encrypted-media; gyroscope; picture-in-picture; web-share\" referrerpolicy=\"strict-origin-when-cross-origin\" allowfullscreen><\/iframe>\n<\/div><\/figure>\n\n\n\n<figure class=\"wp-block-embed aligncenter is-type-video is-provider-youtube wp-block-embed-youtube wp-embed-aspect-4-3 wp-has-aspect-ratio\"><div class=\"wp-block-embed__wrapper\">\n<iframe title=\"DORIS EBRADH - 5ta FERIA DEL LIBRO D\u00c9JAME LEER EN PAZ #leertehacebien\" width=\"500\" height=\"375\" src=\"https:\/\/www.youtube.com\/embed\/1zmFFBCfV84?feature=oembed\" frameborder=\"0\" allow=\"accelerometer; autoplay; clipboard-write; encrypted-media; gyroscope; picture-in-picture; web-share\" referrerpolicy=\"strict-origin-when-cross-origin\" allowfullscreen><\/iframe>\n<\/div><\/figure>\n\n\n\n<figure class=\"wp-block-embed aligncenter is-type-video is-provider-youtube wp-block-embed-youtube wp-embed-aspect-4-3 wp-has-aspect-ratio\"><div class=\"wp-block-embed__wrapper\">\n<iframe title=\"DIEGO CASTRO - 5ta FERIA DEL LIBRO D\u00c9JAME LEER EN PAZ #leertehacebien\" width=\"500\" height=\"375\" src=\"https:\/\/www.youtube.com\/embed\/Rs7X-U8B3jk?feature=oembed\" frameborder=\"0\" allow=\"accelerometer; autoplay; clipboard-write; encrypted-media; gyroscope; picture-in-picture; web-share\" referrerpolicy=\"strict-origin-when-cross-origin\" allowfullscreen><\/iframe>\n<\/div><\/figure>\n\n\n\n<figure class=\"wp-block-embed aligncenter is-type-video is-provider-youtube wp-block-embed-youtube wp-embed-aspect-4-3 wp-has-aspect-ratio\"><div class=\"wp-block-embed__wrapper\">\n<iframe title=\"DIANA LORENA RUIZ - 5ta FERIA DEL LIBRO D\u00c9JAME LEER EN PAZ #leertehacebien\" width=\"500\" height=\"375\" src=\"https:\/\/www.youtube.com\/embed\/3MVbESp2CXk?feature=oembed\" frameborder=\"0\" allow=\"accelerometer; autoplay; clipboard-write; encrypted-media; gyroscope; picture-in-picture; web-share\" referrerpolicy=\"strict-origin-when-cross-origin\" allowfullscreen><\/iframe>\n<\/div><\/figure>\n\n\n\n<figure class=\"wp-block-embed is-type-video is-provider-youtube wp-block-embed-youtube wp-embed-aspect-4-3 wp-has-aspect-ratio\"><div class=\"wp-block-embed__wrapper\">\n<iframe title=\"DAVID REINOSO D-JES\u00daS - 5ta FERIA DEL LIBRO D\u00c9JAME LEER EN PAZ #leertehacebien\" width=\"500\" height=\"375\" src=\"https:\/\/www.youtube.com\/embed\/dXbJubB2vAw?feature=oembed\" frameborder=\"0\" allow=\"accelerometer; autoplay; clipboard-write; encrypted-media; gyroscope; picture-in-picture; web-share\" referrerpolicy=\"strict-origin-when-cross-origin\" allowfullscreen><\/iframe>\n<\/div><\/figure>\n\n\n\n<figure class=\"wp-block-embed aligncenter is-type-video is-provider-youtube wp-block-embed-youtube wp-embed-aspect-4-3 wp-has-aspect-ratio\"><div class=\"wp-block-embed__wrapper\">\n<iframe title=\"CAROLINA CALLE VALLEJO - 5ta FERIA DEL LIBRO D\u00c9JAME LEER EN PAZ #leertehacebien\" width=\"500\" height=\"375\" src=\"https:\/\/www.youtube.com\/embed\/gR9lbrreDeE?feature=oembed\" frameborder=\"0\" allow=\"accelerometer; autoplay; clipboard-write; encrypted-media; gyroscope; picture-in-picture; web-share\" referrerpolicy=\"strict-origin-when-cross-origin\" allowfullscreen><\/iframe>\n<\/div><\/figure>\n\n\n\n<figure class=\"wp-block-embed aligncenter is-type-video is-provider-youtube wp-block-embed-youtube wp-embed-aspect-16-9 wp-has-aspect-ratio\"><div class=\"wp-block-embed__wrapper\">\n<iframe title=\"ANDREA COTE BOTERO - 5ta FERIA DEL LIBRO D\u00c9JAME LEER EN PAZ\" width=\"500\" height=\"281\" src=\"https:\/\/www.youtube.com\/embed\/k7xwjTPXe2k?feature=oembed\" frameborder=\"0\" allow=\"accelerometer; autoplay; clipboard-write; encrypted-media; gyroscope; picture-in-picture; web-share\" referrerpolicy=\"strict-origin-when-cross-origin\" allowfullscreen><\/iframe>\n<\/div><\/figure>\n\n\n\n<figure class=\"wp-block-embed aligncenter is-type-video is-provider-youtube wp-block-embed-youtube wp-embed-aspect-4-3 wp-has-aspect-ratio\"><div class=\"wp-block-embed__wrapper\">\n<iframe title=\"FREDDY VERGARA - 5ta FERIA DEL LIBRO D\u00c9JAME LEER EN PAZ #leertehacebien\" width=\"500\" height=\"375\" src=\"https:\/\/www.youtube.com\/embed\/KRJlMWr61_0?feature=oembed\" frameborder=\"0\" allow=\"accelerometer; autoplay; clipboard-write; encrypted-media; gyroscope; picture-in-picture; web-share\" referrerpolicy=\"strict-origin-when-cross-origin\" allowfullscreen><\/iframe>\n<\/div><\/figure>\n\n\n\n<figure class=\"wp-block-embed aligncenter is-type-video is-provider-youtube wp-block-embed-youtube wp-embed-aspect-4-3 wp-has-aspect-ratio\"><div class=\"wp-block-embed__wrapper\">\n<iframe title=\"FREDDY VERGARA - 5ta FERIA DEL LIBRO D\u00c9JAME LEER EN PAZ #leertehacebien\" width=\"500\" height=\"375\" src=\"https:\/\/www.youtube.com\/embed\/uBYPlLbLyLE?feature=oembed\" frameborder=\"0\" allow=\"accelerometer; autoplay; clipboard-write; encrypted-media; gyroscope; picture-in-picture; web-share\" referrerpolicy=\"strict-origin-when-cross-origin\" allowfullscreen><\/iframe>\n<\/div><\/figure>\n\n\n\n<figure class=\"wp-block-embed aligncenter is-type-video is-provider-youtube wp-block-embed-youtube wp-embed-aspect-16-9 wp-has-aspect-ratio\"><div class=\"wp-block-embed__wrapper\">\n<iframe title=\"LUIS BERNARDO YEPES OSORIO - 5ta FERIA DEL LIBRO D\u00c9JAME LEER EN PAZ #leertehacebien\" width=\"500\" height=\"281\" src=\"https:\/\/www.youtube.com\/embed\/cXxCQAMcyLw?feature=oembed\" frameborder=\"0\" allow=\"accelerometer; autoplay; clipboard-write; encrypted-media; gyroscope; picture-in-picture; web-share\" referrerpolicy=\"strict-origin-when-cross-origin\" allowfullscreen><\/iframe>\n<\/div><\/figure>\n\n\n\n<figure class=\"wp-block-embed is-type-video is-provider-youtube wp-block-embed-youtube wp-embed-aspect-4-3 wp-has-aspect-ratio\"><div class=\"wp-block-embed__wrapper\">\n<iframe title=\"LILIANA MORENO MART\u00cdNEZ - 5ta FERIA DEL LIBRO D\u00c9JAME LEER EN PAZ #leertehacebien\" width=\"500\" height=\"375\" src=\"https:\/\/www.youtube.com\/embed\/1KDHz62WW_s?feature=oembed\" frameborder=\"0\" allow=\"accelerometer; autoplay; clipboard-write; encrypted-media; gyroscope; picture-in-picture; web-share\" referrerpolicy=\"strict-origin-when-cross-origin\" allowfullscreen><\/iframe>\n<\/div><\/figure>\n\n\n\n<figure class=\"wp-block-embed aligncenter is-type-video is-provider-youtube wp-block-embed-youtube wp-embed-aspect-4-3 wp-has-aspect-ratio\"><div class=\"wp-block-embed__wrapper\">\n<iframe title=\"MART\u00cdN MURILLO (CARRETA LITERARIA) - 5ta FERIA DEL LIBRO D\u00c9JAME LEER EN PAZ #leertehacebien\" width=\"500\" height=\"375\" src=\"https:\/\/www.youtube.com\/embed\/hfflKuB1E3w?feature=oembed\" frameborder=\"0\" allow=\"accelerometer; autoplay; clipboard-write; encrypted-media; gyroscope; picture-in-picture; web-share\" referrerpolicy=\"strict-origin-when-cross-origin\" allowfullscreen><\/iframe>\n<\/div><\/figure>\n\n\n\n<figure class=\"wp-block-embed aligncenter is-type-video is-provider-youtube wp-block-embed-youtube wp-embed-aspect-16-9 wp-has-aspect-ratio\"><div class=\"wp-block-embed__wrapper\">\n<iframe title=\"OLGA CELIS Y PADRE COLECCIONISTA - 5ta FERIA DEL LIBRO D\u00c9JAME LEER EN PAZ #leertehacebien\" width=\"500\" height=\"281\" src=\"https:\/\/www.youtube.com\/embed\/QCtl1i1CNVM?feature=oembed\" frameborder=\"0\" allow=\"accelerometer; autoplay; clipboard-write; encrypted-media; gyroscope; picture-in-picture; web-share\" referrerpolicy=\"strict-origin-when-cross-origin\" allowfullscreen><\/iframe>\n<\/div><\/figure>\n","protected":false},"excerpt":{"rendered":"<div class=\"mh-excerpt\"><\/div>","protected":false},"author":1,"featured_media":0,"parent":0,"menu_order":0,"comment_status":"closed","ping_status":"closed","template":"","meta":{"footnotes":""},"class_list":["post-4256","page","type-page","status-publish","hentry"],"_links":{"self":[{"href":"https:\/\/dejameleerenpaz.com\/index.php\/wp-json\/wp\/v2\/pages\/4256","targetHints":{"allow":["GET"]}}],"collection":[{"href":"https:\/\/dejameleerenpaz.com\/index.php\/wp-json\/wp\/v2\/pages"}],"about":[{"href":"https:\/\/dejameleerenpaz.com\/index.php\/wp-json\/wp\/v2\/types\/page"}],"author":[{"embeddable":true,"href":"https:\/\/dejameleerenpaz.com\/index.php\/wp-json\/wp\/v2\/users\/1"}],"replies":[{"embeddable":true,"href":"https:\/\/dejameleerenpaz.com\/index.php\/wp-json\/wp\/v2\/comments?post=4256"}],"version-history":[{"count":14,"href":"https:\/\/dejameleerenpaz.com\/index.php\/wp-json\/wp\/v2\/pages\/4256\/revisions"}],"predecessor-version":[{"id":4367,"href":"https:\/\/dejameleerenpaz.com\/index.php\/wp-json\/wp\/v2\/pages\/4256\/revisions\/4367"}],"wp:attachment":[{"href":"https:\/\/dejameleerenpaz.com\/index.php\/wp-json\/wp\/v2\/media?parent=4256"}],"curies":[{"name":"wp","href":"https:\/\/api.w.org\/{rel}","templated":true}]}}