{"id":4005,"date":"2024-07-26T12:43:57","date_gmt":"2024-07-26T12:43:57","guid":{"rendered":"https:\/\/dejameleerenpaz.com\/?page_id=4005"},"modified":"2024-07-30T17:04:08","modified_gmt":"2024-07-30T17:04:08","slug":"dia-a-dia-2024","status":"publish","type":"page","link":"https:\/\/dejameleerenpaz.com\/index.php\/dia-a-dia-2024\/","title":{"rendered":"D\u00cdA A D\u00cdA 2024"},"content":{"rendered":"\n<div data-wp-interactive=\"core\/file\" class=\"wp-block-file aligncenter has-light-green-cyan-background-color has-background\"><object data-wp-bind--hidden=\"!state.hasPdfPreview\" hidden class=\"wp-block-file__embed\" data=\"https:\/\/dejameleerenpaz.com\/wp-content\/uploads\/2024\/07\/PROGRAMACION-DIA-A-DIA-FELIBAR-2024.pdf\" type=\"application\/pdf\" style=\"width:100%;height:612px\" aria-label=\"Incrustado de PROGRAMACI\u00d3N D\u00cdA A D\u00cdA FELIBAR 2024.\"><\/object><a id=\"wp-block-file--media-bc6fc4ed-c1c4-43ba-bc56-806cfbe47bc1\" href=\"https:\/\/dejameleerenpaz.com\/wp-content\/uploads\/2024\/07\/PROGRAMACION-DIA-A-DIA-FELIBAR-2024.pdf\" target=\"_blank\" rel=\"noreferrer noopener\">PROGRAMACI\u00d3N D\u00cdA A D\u00cdA FELIBAR 2024<\/a><a href=\"https:\/\/dejameleerenpaz.com\/wp-content\/uploads\/2024\/07\/PROGRAMACION-DIA-A-DIA-FELIBAR-2024.pdf\" class=\"wp-block-file__button wp-element-button\" download aria-describedby=\"wp-block-file--media-bc6fc4ed-c1c4-43ba-bc56-806cfbe47bc1\">Descargar<\/a><\/div>\n\n\n\n<figure class=\"wp-block-embed aligncenter is-type-video is-provider-youtube wp-block-embed-youtube wp-embed-aspect-16-9 wp-has-aspect-ratio\"><div class=\"wp-block-embed__wrapper\">\n<iframe title=\"AGENDA CARAVANA EDUCACI\u00d3N INICIAL 2024 - 5ta EDICI\u00d3N FERIA DEL LIBRO FELIBAR  #leertehacebien\" width=\"500\" height=\"281\" src=\"https:\/\/www.youtube.com\/embed\/On8mpidkCOk?feature=oembed\" frameborder=\"0\" allow=\"accelerometer; autoplay; clipboard-write; encrypted-media; gyroscope; picture-in-picture; web-share\" referrerpolicy=\"strict-origin-when-cross-origin\" allowfullscreen><\/iframe>\n<\/div><\/figure>\n\n\n\n<figure class=\"wp-block-embed aligncenter is-type-video is-provider-youtube wp-block-embed-youtube wp-embed-aspect-16-9 wp-has-aspect-ratio\"><div class=\"wp-block-embed__wrapper\">\n<iframe title=\"5ta Edici\u00f3n Feria del libro FELIBAR (D\u00cdA A D\u00cdA 29 JULIO)\" width=\"500\" height=\"281\" src=\"https:\/\/www.youtube.com\/embed\/wquLIJ6tLd4?feature=oembed\" frameborder=\"0\" allow=\"accelerometer; autoplay; clipboard-write; encrypted-media; gyroscope; picture-in-picture; web-share\" referrerpolicy=\"strict-origin-when-cross-origin\" allowfullscreen><\/iframe>\n<\/div><figcaption class=\"wp-element-caption\"><strong>Caravana Literaria San Rafael de Chucur\u00ed (29 Julio)<\/strong><\/figcaption><\/figure>\n\n\n\n<figure class=\"wp-block-embed aligncenter is-type-video is-provider-youtube wp-block-embed-youtube wp-embed-aspect-16-9 wp-has-aspect-ratio\"><div class=\"wp-block-embed__wrapper\">\n<iframe title=\"5ta Edici\u00f3n Feria del libro FELIBAR (D\u00cdA A D\u00cdA 30  -  31 JULIO)\" width=\"500\" height=\"281\" src=\"https:\/\/www.youtube.com\/embed\/fA_QkzV_cjM?feature=oembed\" frameborder=\"0\" allow=\"accelerometer; autoplay; clipboard-write; encrypted-media; gyroscope; picture-in-picture; web-share\" referrerpolicy=\"strict-origin-when-cross-origin\" allowfullscreen><\/iframe>\n<\/div><figcaption class=\"wp-element-caption\"><strong>Caravana Literaria Meseta de San Rafael y otros (30 &#8211; 31 Julio)<\/strong><\/figcaption><\/figure>\n\n\n\n<figure class=\"wp-block-embed aligncenter is-type-video is-provider-youtube wp-block-embed-youtube wp-embed-aspect-16-9 wp-has-aspect-ratio\"><div class=\"wp-block-embed__wrapper\">\n<iframe title=\"5ta Edici\u00f3n Feria del libro FELIBAR (D\u00cdA A D\u00cdA 1 AGOSTO)\" width=\"500\" height=\"281\" src=\"https:\/\/www.youtube.com\/embed\/vwa-88-isQE?feature=oembed\" frameborder=\"0\" allow=\"accelerometer; autoplay; clipboard-write; encrypted-media; gyroscope; picture-in-picture; web-share\" referrerpolicy=\"strict-origin-when-cross-origin\" allowfullscreen><\/iframe>\n<\/div><figcaption class=\"wp-element-caption\"><strong>D\u00eda a d\u00eda 1 agosto<\/strong><\/figcaption><\/figure>\n\n\n\n<figure class=\"wp-block-embed is-type-video is-provider-youtube wp-block-embed-youtube wp-embed-aspect-16-9 wp-has-aspect-ratio\"><div class=\"wp-block-embed__wrapper\">\n<iframe title=\"5ta Edici\u00f3n Feria del libro FELIBAR (D\u00cdA A D\u00cdA 2 AGOSTO)\" width=\"500\" height=\"281\" src=\"https:\/\/www.youtube.com\/embed\/7_yEct9Vq18?feature=oembed\" frameborder=\"0\" allow=\"accelerometer; autoplay; clipboard-write; encrypted-media; gyroscope; picture-in-picture; web-share\" referrerpolicy=\"strict-origin-when-cross-origin\" allowfullscreen><\/iframe>\n<\/div><figcaption class=\"wp-element-caption\"><strong>D\u00eda a d\u00eda 2 agosto<\/strong><\/figcaption><\/figure>\n\n\n\n<figure class=\"wp-block-embed is-type-video is-provider-youtube wp-block-embed-youtube wp-embed-aspect-16-9 wp-has-aspect-ratio\"><div class=\"wp-block-embed__wrapper\">\n<iframe title=\"5ta Edici\u00f3n Feria del libro FELIBAR (D\u00cdA A D\u00cdA 3 AGOSTO)\" width=\"500\" height=\"281\" src=\"https:\/\/www.youtube.com\/embed\/GNv4iP-Z7zg?feature=oembed\" frameborder=\"0\" allow=\"accelerometer; autoplay; clipboard-write; encrypted-media; gyroscope; picture-in-picture; web-share\" referrerpolicy=\"strict-origin-when-cross-origin\" allowfullscreen><\/iframe>\n<\/div><figcaption class=\"wp-element-caption\"><strong>D\u00eda a d\u00eda 3 agosto<\/strong><\/figcaption><\/figure>\n","protected":false},"excerpt":{"rendered":"<div class=\"mh-excerpt\"><\/div>","protected":false},"author":1,"featured_media":0,"parent":0,"menu_order":0,"comment_status":"closed","ping_status":"closed","template":"","meta":{"footnotes":""},"class_list":["post-4005","page","type-page","status-publish","hentry"],"_links":{"self":[{"href":"https:\/\/dejameleerenpaz.com\/index.php\/wp-json\/wp\/v2\/pages\/4005","targetHints":{"allow":["GET"]}}],"collection":[{"href":"https:\/\/dejameleerenpaz.com\/index.php\/wp-json\/wp\/v2\/pages"}],"about":[{"href":"https:\/\/dejameleerenpaz.com\/index.php\/wp-json\/wp\/v2\/types\/page"}],"author":[{"embeddable":true,"href":"https:\/\/dejameleerenpaz.com\/index.php\/wp-json\/wp\/v2\/users\/1"}],"replies":[{"embeddable":true,"href":"https:\/\/dejameleerenpaz.com\/index.php\/wp-json\/wp\/v2\/comments?post=4005"}],"version-history":[{"count":9,"href":"https:\/\/dejameleerenpaz.com\/index.php\/wp-json\/wp\/v2\/pages\/4005\/revisions"}],"predecessor-version":[{"id":4373,"href":"https:\/\/dejameleerenpaz.com\/index.php\/wp-json\/wp\/v2\/pages\/4005\/revisions\/4373"}],"wp:attachment":[{"href":"https:\/\/dejameleerenpaz.com\/index.php\/wp-json\/wp\/v2\/media?parent=4005"}],"curies":[{"name":"wp","href":"https:\/\/api.w.org\/{rel}","templated":true}]}}