{"id":3502,"date":"2024-02-08T11:50:10","date_gmt":"2024-02-08T11:50:10","guid":{"rendered":"https:\/\/dejameleerenpaz.com\/?page_id=3502"},"modified":"2024-06-12T00:10:39","modified_gmt":"2024-06-12T00:10:39","slug":"informes-2","status":"publish","type":"page","link":"https:\/\/dejameleerenpaz.com\/index.php\/informes-2\/","title":{"rendered":"INFORMES"},"content":{"rendered":"\n<p class=\"has-text-align-center\"><strong><em>En cumplimiento a la Resoluci\u00f3n No. 00009 del 28 de Marzo de 2018 emitida por la DIAN, nos permitimos hacer p\u00fablico y descargable, informaci\u00f3n correspondiente a la Fundaci\u00f3n Feria del Libro Distrital de Barrancabermeja D\u00e9jame Leer en Paz.<\/em><\/strong><\/p>\n\n\n\n<p><\/p>\n\n\n\n<h2 class=\"wp-block-heading has-text-align-center\"><strong><em>INFORMES FELIBAR 2023<\/em><\/strong><\/h2>\n\n\n\n<div data-wp-interactive=\"core\/file\" class=\"wp-block-file aligncenter\"><object data-wp-bind--hidden=\"!state.hasPdfPreview\" hidden class=\"wp-block-file__embed\" data=\"https:\/\/dejameleerenpaz.com\/wp-content\/uploads\/2024\/02\/Estados-financieros-y-Certificado-Fundacion-de-APERTURA-firmados.pdf\" type=\"application\/pdf\" style=\"width:100%;height:600px\" aria-label=\"Incrustado de Estados-financieros y Certificado Fundaci\u00f3n de APERTURA.\"><\/object><a id=\"wp-block-file--media-7e27aec5-5cd3-4a04-a02e-000085ea3950\" href=\"https:\/\/dejameleerenpaz.com\/wp-content\/uploads\/2024\/02\/Estados-financieros-y-Certificado-Fundacion-de-APERTURA-firmados.pdf\">Estados-financieros y Certificado Fundaci\u00f3n de APERTURA<\/a><a href=\"https:\/\/dejameleerenpaz.com\/wp-content\/uploads\/2024\/02\/Estados-financieros-y-Certificado-Fundacion-de-APERTURA-firmados.pdf\" class=\"wp-block-file__button wp-element-button\" download aria-describedby=\"wp-block-file--media-7e27aec5-5cd3-4a04-a02e-000085ea3950\">Descargar<\/a><\/div>\n\n\n\n<div data-wp-interactive=\"core\/file\" class=\"wp-block-file aligncenter\"><object data-wp-bind--hidden=\"!state.hasPdfPreview\" hidden class=\"wp-block-file__embed\" data=\"https:\/\/dejameleerenpaz.com\/wp-content\/uploads\/2024\/02\/ESTATUTOS-FELIBAR.pdf\" type=\"application\/pdf\" style=\"width:100%;height:600px\" aria-label=\"Incrustado de ESTATUTOS FELIBAR.\"><\/object><a id=\"wp-block-file--media-0a8acee3-bda2-4b3d-b476-62651ce7b05c\" href=\"https:\/\/dejameleerenpaz.com\/wp-content\/uploads\/2024\/02\/ESTATUTOS-FELIBAR.pdf\">ESTATUTOS FELIBAR<\/a><a href=\"https:\/\/dejameleerenpaz.com\/wp-content\/uploads\/2024\/02\/ESTATUTOS-FELIBAR.pdf\" class=\"wp-block-file__button wp-element-button\" download aria-describedby=\"wp-block-file--media-0a8acee3-bda2-4b3d-b476-62651ce7b05c\">Descargar<\/a><\/div>\n\n\n\n<div data-wp-interactive=\"core\/file\" class=\"wp-block-file aligncenter\"><object data-wp-bind--hidden=\"!state.hasPdfPreview\" hidden class=\"wp-block-file__embed\" data=\"https:\/\/dejameleerenpaz.com\/wp-content\/uploads\/2024\/02\/Certifcado-de-Directivos-Art-364-3.pdf\" type=\"application\/pdf\" style=\"width:100%;height:600px\" aria-label=\"Incrustado de Certificado de Directivos.\"><\/object><a id=\"wp-block-file--media-cb005afb-9039-4558-b22c-9d7c090cd46c\" href=\"https:\/\/dejameleerenpaz.com\/wp-content\/uploads\/2024\/02\/Certifcado-de-Directivos-Art-364-3.pdf\">Certificado de Directivos<\/a><a href=\"https:\/\/dejameleerenpaz.com\/wp-content\/uploads\/2024\/02\/Certifcado-de-Directivos-Art-364-3.pdf\" class=\"wp-block-file__button wp-element-button\" download aria-describedby=\"wp-block-file--media-cb005afb-9039-4558-b22c-9d7c090cd46c\">Descargar<\/a><\/div>\n\n\n\n<div data-wp-interactive=\"core\/file\" class=\"wp-block-file aligncenter\"><object data-wp-bind--hidden=\"!state.hasPdfPreview\" hidden class=\"wp-block-file__embed\" data=\"https:\/\/dejameleerenpaz.com\/wp-content\/uploads\/2024\/02\/Cam-de-Comercio-Fundacion.pdf\" type=\"application\/pdf\" style=\"width:100%;height:600px\" aria-label=\"Incrustado de C\u00e1mara de Comercio FELIBAR.\"><\/object><a id=\"wp-block-file--media-bde97e70-2906-40a4-94c1-39a51fa9ac7e\" href=\"https:\/\/dejameleerenpaz.com\/wp-content\/uploads\/2024\/02\/Cam-de-Comercio-Fundacion.pdf\">C\u00e1mara de Comercio FELIBAR<\/a><a href=\"https:\/\/dejameleerenpaz.com\/wp-content\/uploads\/2024\/02\/Cam-de-Comercio-Fundacion.pdf\" class=\"wp-block-file__button wp-element-button\" download aria-describedby=\"wp-block-file--media-bde97e70-2906-40a4-94c1-39a51fa9ac7e\">Descargar<\/a><\/div>\n\n\n\n<div data-wp-interactive=\"core\/file\" class=\"wp-block-file\"><object data-wp-bind--hidden=\"!state.hasPdfPreview\" hidden class=\"wp-block-file__embed\" data=\"https:\/\/dejameleerenpaz.com\/wp-content\/uploads\/2024\/02\/Acta-de-Asamble-Feria-del-Libro-pte-firma.pdf\" type=\"application\/pdf\" style=\"width:100%;height:600px\" aria-label=\"Incrustado de Acta de Asamblea FELIBAR.\"><\/object><a id=\"wp-block-file--media-07df1ee6-0eaf-4ecc-9b18-35e2063715c3\" href=\"https:\/\/dejameleerenpaz.com\/wp-content\/uploads\/2024\/02\/Acta-de-Asamble-Feria-del-Libro-pte-firma.pdf\">Acta de Asamblea FELIBAR<\/a><a href=\"https:\/\/dejameleerenpaz.com\/wp-content\/uploads\/2024\/02\/Acta-de-Asamble-Feria-del-Libro-pte-firma.pdf\" class=\"wp-block-file__button wp-element-button\" download aria-describedby=\"wp-block-file--media-07df1ee6-0eaf-4ecc-9b18-35e2063715c3\">Descargar<\/a><\/div>\n\n\n\n<div data-wp-interactive=\"core\/file\" class=\"wp-block-file aligncenter\"><object data-wp-bind--hidden=\"!state.hasPdfPreview\" hidden class=\"wp-block-file__embed\" data=\"https:\/\/dejameleerenpaz.com\/wp-content\/uploads\/2024\/02\/ACTA-DE-CONSTITUCION-FUNDACION-DEJAME-LEER-EN-PAZ.pdf\" type=\"application\/pdf\" style=\"width:100%;height:600px\" aria-label=\"Incrustado de Acta de Constituci\u00f3n FELIBAR.\"><\/object><a id=\"wp-block-file--media-f4874e48-8310-4ec8-80d2-3120aa6a1be8\" href=\"https:\/\/dejameleerenpaz.com\/wp-content\/uploads\/2024\/02\/ACTA-DE-CONSTITUCION-FUNDACION-DEJAME-LEER-EN-PAZ.pdf\">Acta de Constituci\u00f3n FELIBAR<\/a><a href=\"https:\/\/dejameleerenpaz.com\/wp-content\/uploads\/2024\/02\/ACTA-DE-CONSTITUCION-FUNDACION-DEJAME-LEER-EN-PAZ.pdf\" class=\"wp-block-file__button wp-element-button\" download aria-describedby=\"wp-block-file--media-f4874e48-8310-4ec8-80d2-3120aa6a1be8\">Descargar<\/a><\/div>\n\n\n\n<div data-wp-interactive=\"core\/file\" class=\"wp-block-file aligncenter\"><object data-wp-bind--hidden=\"!state.hasPdfPreview\" hidden class=\"wp-block-file__embed\" data=\"https:\/\/dejameleerenpaz.com\/wp-content\/uploads\/2024\/02\/52451002172753-Solicitud-RTE.pdf\" type=\"application\/pdf\" style=\"width:100%;height:600px\" aria-label=\"Incrustado de Solicitud de calificaci\u00f3n ante la DIAN.\"><\/object><a id=\"wp-block-file--media-7eae5efe-adc9-467f-b536-ba7890cb0e69\" href=\"https:\/\/dejameleerenpaz.com\/wp-content\/uploads\/2024\/02\/52451002172753-Solicitud-RTE.pdf\">Solicitud de calificaci\u00f3n ante la DIAN<\/a><a href=\"https:\/\/dejameleerenpaz.com\/wp-content\/uploads\/2024\/02\/52451002172753-Solicitud-RTE.pdf\" class=\"wp-block-file__button wp-element-button\" download aria-describedby=\"wp-block-file--media-7eae5efe-adc9-467f-b536-ba7890cb0e69\">Descargar<\/a><\/div>\n\n\n\n<div data-wp-interactive=\"core\/file\" class=\"wp-block-file\"><object data-wp-bind--hidden=\"!state.hasPdfPreview\" hidden class=\"wp-block-file__embed\" data=\"https:\/\/dejameleerenpaz.com\/wp-content\/uploads\/2024\/05\/2024029272639300913.pdf\" type=\"application\/pdf\" style=\"width:100%;height:600px\" aria-label=\"Incrustado de Solicitud de Calificaci\u00f3n como contribuyente de R\u00e9gimen Tributario Especial.\"><\/object><a id=\"wp-block-file--media-67cd5fba-87c3-4177-a2ca-b8cd7341aeea\" href=\"https:\/\/dejameleerenpaz.com\/wp-content\/uploads\/2024\/05\/2024029272639300913.pdf\">Solicitud de Calificaci\u00f3n como contribuyente de R\u00e9gimen Tributario Especial<\/a><a href=\"https:\/\/dejameleerenpaz.com\/wp-content\/uploads\/2024\/05\/2024029272639300913.pdf\" class=\"wp-block-file__button wp-element-button\" download aria-describedby=\"wp-block-file--media-67cd5fba-87c3-4177-a2ca-b8cd7341aeea\">Descargar<\/a><\/div>\n\n\n\n<div data-wp-interactive=\"core\/file\" class=\"wp-block-file\"><object data-wp-bind--hidden=\"!state.hasPdfPreview\" hidden class=\"wp-block-file__embed\" data=\"https:\/\/dejameleerenpaz.com\/wp-content\/uploads\/2024\/06\/CertificadoProductor.pdf\" type=\"application\/pdf\" style=\"width:100%;height:600px\" aria-label=\"Incrustado de Registro Nacional De Productores de Espect\u00e1culos P\u00fablicos De Las Artes Esc\u00e9nicas.\"><\/object><a id=\"wp-block-file--media-cf4cfedb-a027-4909-b222-e6903b1f7a03\" href=\"https:\/\/dejameleerenpaz.com\/wp-content\/uploads\/2024\/06\/CertificadoProductor.pdf\">Registro Nacional De Productores de Espect\u00e1culos P\u00fablicos De Las Artes Esc\u00e9nicas<\/a><a href=\"https:\/\/dejameleerenpaz.com\/wp-content\/uploads\/2024\/06\/CertificadoProductor.pdf\" class=\"wp-block-file__button wp-element-button\" download aria-describedby=\"wp-block-file--media-cf4cfedb-a027-4909-b222-e6903b1f7a03\">Descargar<\/a><\/div>\n","protected":false},"excerpt":{"rendered":"<div class=\"mh-excerpt\"><p>En cumplimiento a la Resoluci\u00f3n No. 00009 del 28 de <a class=\"mh-excerpt-more\" href=\"https:\/\/dejameleerenpaz.com\/index.php\/informes-2\/\" title=\"INFORMES\">[&#8230;]<\/a><\/p>\n<\/div>","protected":false},"author":1,"featured_media":0,"parent":0,"menu_order":0,"comment_status":"closed","ping_status":"closed","template":"","meta":{"footnotes":""},"class_list":["post-3502","page","type-page","status-publish","hentry"],"_links":{"self":[{"href":"https:\/\/dejameleerenpaz.com\/index.php\/wp-json\/wp\/v2\/pages\/3502","targetHints":{"allow":["GET"]}}],"collection":[{"href":"https:\/\/dejameleerenpaz.com\/index.php\/wp-json\/wp\/v2\/pages"}],"about":[{"href":"https:\/\/dejameleerenpaz.com\/index.php\/wp-json\/wp\/v2\/types\/page"}],"author":[{"embeddable":true,"href":"https:\/\/dejameleerenpaz.com\/index.php\/wp-json\/wp\/v2\/users\/1"}],"replies":[{"embeddable":true,"href":"https:\/\/dejameleerenpaz.com\/index.php\/wp-json\/wp\/v2\/comments?post=3502"}],"version-history":[{"count":4,"href":"https:\/\/dejameleerenpaz.com\/index.php\/wp-json\/wp\/v2\/pages\/3502\/revisions"}],"predecessor-version":[{"id":3731,"href":"https:\/\/dejameleerenpaz.com\/index.php\/wp-json\/wp\/v2\/pages\/3502\/revisions\/3731"}],"wp:attachment":[{"href":"https:\/\/dejameleerenpaz.com\/index.php\/wp-json\/wp\/v2\/media?parent=3502"}],"curies":[{"name":"wp","href":"https:\/\/api.w.org\/{rel}","templated":true}]}}